{"id":986,"date":"2020-05-06T11:31:44","date_gmt":"2020-05-06T16:31:44","guid":{"rendered":"https:\/\/asey.gob.mx\/web\/?page_id=986"},"modified":"2025-08-27T17:06:29","modified_gmt":"2025-08-27T23:06:29","slug":"infopubobligatoria","status":"publish","type":"page","link":"https:\/\/asey.gob.mx\/web\/infopubobligatoria\/","title":{"rendered":"InfoPubObligatoria"},"content":{"rendered":"\t\t<div data-elementor-type=\"wp-page\" data-elementor-id=\"986\" class=\"elementor elementor-986\">\n\t\t\t\t\t\t\t\t\t<section class=\"elementor-section elementor-top-section elementor-element elementor-element-bc8469a elementor-section-boxed elementor-section-height-default elementor-section-height-default\" data-id=\"bc8469a\" data-element_type=\"section\">\n\t\t\t\t\t\t<div class=\"elementor-container elementor-column-gap-default\">\n\t\t\t\t\t<div class=\"elementor-column elementor-col-100 elementor-top-column elementor-element elementor-element-af2133e\" data-id=\"af2133e\" data-element_type=\"column\">\n\t\t\t<div class=\"elementor-widget-wrap elementor-element-populated\">\n\t\t\t\t\t\t\t\t<div class=\"elementor-element elementor-element-0ef40cf elementor-widget elementor-widget-text-editor\" data-id=\"0ef40cf\" data-element_type=\"widget\" data-widget_type=\"text-editor.default\">\n\t\t\t\t<div class=\"elementor-widget-container\">\n\t\t\t\t\t\t\t\n<h2><strong>INFORMACI\u00d3N P\u00daBLICA OBLIGATORIA<\/strong><\/h2>\n\t\t\t\t\t\t<\/div>\n\t\t\t\t<\/div>\n\t\t\t\t\t<\/div>\n\t\t<\/div>\n\t\t\t\t\t\t\t<\/div>\n\t\t<\/section>\n\t\t\t\t<section class=\"elementor-section elementor-top-section elementor-element elementor-element-dfb6352 elementor-section-boxed elementor-section-height-default elementor-section-height-default\" data-id=\"dfb6352\" data-element_type=\"section\">\n\t\t\t\t\t\t<div class=\"elementor-container elementor-column-gap-default\">\n\t\t\t\t\t<div class=\"elementor-column elementor-col-100 elementor-top-column elementor-element elementor-element-7e967b3\" data-id=\"7e967b3\" data-element_type=\"column\">\n\t\t\t<div class=\"elementor-widget-wrap elementor-element-populated\">\n\t\t\t\t\t\t\t\t<div class=\"elementor-element elementor-element-2d4baca elementor-widget elementor-widget-text-editor\" data-id=\"2d4baca\" data-element_type=\"widget\" data-widget_type=\"text-editor.default\">\n\t\t\t\t<div class=\"elementor-widget-container\">\n\t\t\t\t\t\t\t\n<div class=\"info-section\" style=\"background-color: #f8f9fa; padding: 30px; border-radius: 8px; margin-bottom: 30px;\">\n<p style=\"text-align: justify; text-justifiy: inter-word; line-height: 1.6; color: #34495e; margin-bottom: 20px;\">Los sujetos obligados deben publicar y mantener actualizada esta informaci\u00f3n, sin necesidad de solicitud previa, poni\u00e9ndola a disposici\u00f3n de los ciudadanos para su consulta inmediata a trav\u00e9s de:<\/p>\n<div style=\"display: flex; align-items: center; margin-bottom: 15px;\"><span style=\"background-color: #db3434ff; color: white; padding: 5px 12px; border-radius: 50%; margin-right: 15px;\">1<\/span> <a style=\"color: #db3434ff; text-decoration: none; font-weight: 500;\" href=\"https:\/\/consultapublicamx.inai.org.mx\/vut-web\/?idSujetoObigadoParametro=12186&amp;idEntidadParametro=31&amp;idSectorParametro=255\" target=\"_blank\" rel=\"noopener\"> Unidades de Acceso a la Informaci\u00f3n P\u00fablica <\/a><\/div>\n<div style=\"display: flex; align-items: center;\"><span style=\"background-color: #db3434ff; color: white; padding: 5px 12px; border-radius: 50%; margin-right: 15px;\">2<\/span> <a style=\"color: #db3434ff; text-decoration: none; font-weight: 500;\" href=\"https:\/\/asey.gob.mx\/web\/\" target=\"_blank\" rel=\"noopener\"> Sitios Oficiales de Internet <\/a><\/div>\n<\/div>\n\n<div style=\"text-align: center; margin: 40px 0;\"><a style=\"background-color: #2c3e50; color: white; padding: 15px 30px; border-radius: 6px; text-decoration: none; font-weight: bold; display: inline-block; transition: background-color 0.3s;\" href=\"https:\/\/consultapublicamx.plataformadetransparencia.org.mx\/vut-web\/faces\/view\/consultaPublica.xhtml?idEntidad=MzE=&amp;idSujetoObligado=MTIxODY=#inicio\" target=\"_blank\" rel=\"noopener\"> Acceder a la Plataforma Nacional de Transparencia <\/a><\/div>\n\n<div class=\"mobile-section\" style=\"background-color: #fce8e8ff; padding: 25px; border-radius: 8px; border-left: 5px solid #db3434ff;\">\n<h4 style=\"color: #2c3e50; margin-top: 0;\">\u00bfProblemas en dispositivos m\u00f3viles?<\/h4>\n<p style=\"color: #34495e; margin-bottom: 15px; line-height: 1.5;text-align: justify; text-justify: inter-word;\">Si usas iOS o Android y tienes problemas para visualizar de manera autom\u00e1tica el <strong>Portal Nacional de Transparencia<\/strong>, copia y pega este enlace en tu navegador:<\/p>\n<div style=\"background-color: white; padding: 15px; border-radius: 6px; font-family: monospace; word-break: break-all; border: 1px solid #ddd;\">https:\/\/consultapublicamx.inai.org.mx\/vut-web\/?idSujetoObigadoParametro=12186&amp;idEntidadParametro=31&amp;idSectorParametro=255<\/div>\n<\/div>\t\t\t\t\t\t<\/div>\n\t\t\t\t<\/div>\n\t\t\t\t\t<\/div>\n\t\t<\/div>\n\t\t\t\t\t\t\t<\/div>\n\t\t<\/section>\n\t\t\t\t\t\t\t<\/div>\n\t\t","protected":false},"excerpt":{"rendered":"<p>INFORMACI\u00d3N P\u00daBLICA OBLIGATORIA Los sujetos obligados deben publicar y mantener actualizada esta informaci\u00f3n, sin necesidad de solicitud previa, poni\u00e9ndola a disposici\u00f3n de los ciudadanos para su consulta inmediata a trav\u00e9s de: 1 Unidades de Acceso a la Informaci\u00f3n P\u00fablica 2 Sitios Oficiales de Internet Acceder a la Plataforma Nacional de Transparencia \u00bfProblemas en dispositivos m\u00f3viles? [&hellip;]<\/p>\n","protected":false},"author":2,"featured_media":0,"parent":0,"menu_order":0,"comment_status":"closed","ping_status":"closed","template":"","meta":[],"_links":{"self":[{"href":"https:\/\/asey.gob.mx\/web\/wp-json\/wp\/v2\/pages\/986"}],"collection":[{"href":"https:\/\/asey.gob.mx\/web\/wp-json\/wp\/v2\/pages"}],"about":[{"href":"https:\/\/asey.gob.mx\/web\/wp-json\/wp\/v2\/types\/page"}],"author":[{"embeddable":true,"href":"https:\/\/asey.gob.mx\/web\/wp-json\/wp\/v2\/users\/2"}],"replies":[{"embeddable":true,"href":"https:\/\/asey.gob.mx\/web\/wp-json\/wp\/v2\/comments?post=986"}],"version-history":[{"count":35,"href":"https:\/\/asey.gob.mx\/web\/wp-json\/wp\/v2\/pages\/986\/revisions"}],"predecessor-version":[{"id":7314,"href":"https:\/\/asey.gob.mx\/web\/wp-json\/wp\/v2\/pages\/986\/revisions\/7314"}],"wp:attachment":[{"href":"https:\/\/asey.gob.mx\/web\/wp-json\/wp\/v2\/media?parent=986"}],"curies":[{"name":"wp","href":"https:\/\/api.w.org\/{rel}","templated":true}]}}