{"id":7154,"date":"2025-08-07T10:04:35","date_gmt":"2025-08-07T16:04:35","guid":{"rendered":"https:\/\/asey.gob.mx\/web\/?page_id=7154"},"modified":"2025-10-20T12:40:57","modified_gmt":"2025-10-20T18:40:57","slug":"recomendaciones","status":"publish","type":"page","link":"https:\/\/asey.gob.mx\/web\/recomendaciones\/","title":{"rendered":"REPORTE SOBRE LAS RECOMENDACIONES"},"content":{"rendered":"\t\t<div data-elementor-type=\"wp-page\" data-elementor-id=\"7154\" class=\"elementor elementor-7154\">\n\t\t\t\t\t\t\t\t\t<section class=\"elementor-section elementor-top-section elementor-element elementor-element-acbb56d elementor-section-boxed elementor-section-height-default elementor-section-height-default\" data-id=\"acbb56d\" data-element_type=\"section\">\n\t\t\t\t\t\t<div class=\"elementor-container elementor-column-gap-default\">\n\t\t\t\t\t<div class=\"elementor-column elementor-col-100 elementor-top-column elementor-element elementor-element-edc7c51\" data-id=\"edc7c51\" data-element_type=\"column\">\n\t\t\t<div class=\"elementor-widget-wrap elementor-element-populated\">\n\t\t\t\t\t\t\t\t<div class=\"elementor-element elementor-element-499d3a7 elementor-widget elementor-widget-text-editor\" data-id=\"499d3a7\" data-element_type=\"widget\" data-widget_type=\"text-editor.default\">\n\t\t\t\t<div class=\"elementor-widget-container\">\n\t\t\t\t\t\t\t\n<h2><strong>REPORTE SOBRE LAS RECOMENDACIONES<\/strong><\/h2>\n\n\n\n<h3><strong>CORRESPONDIENTES A LA FISCALIZACI\u00d3N DE LA CUENTA P\u00daBLICA<\/strong><\/h3>\n\n\n\n<p style=\"text-align: justify; text-justify: inter-word;\">La <strong>Auditor\u00eda Superior del Estado de Yucat\u00e1n<\/strong>, presenta los reportes finales sobre las recomendaciones de la cuenta p\u00fablica con fundamento en el \u00faltimo p\u00e1rrafo del Art\u00edculo 80 de la Ley de Fiscalizaci\u00f3n de la Cuenta P\u00fablica del Estado de Yucat\u00e1n, mismos que se elaboran a partir de la informaci\u00f3n, documentaci\u00f3n y\/o consideraciones, que en su caso, aportan las entidades fiscalizadas para atender las recomendaciones emitidas.<\/p>\t\t\t\t\t\t<\/div>\n\t\t\t\t<\/div>\n\t\t\t\t\t<\/div>\n\t\t<\/div>\n\t\t\t\t\t\t\t<\/div>\n\t\t<\/section>\n\t\t\t\t<section class=\"elementor-section elementor-top-section elementor-element elementor-element-eebe0cf elementor-section-boxed elementor-section-height-default elementor-section-height-default\" data-id=\"eebe0cf\" data-element_type=\"section\">\n\t\t\t\t\t\t<div class=\"elementor-container elementor-column-gap-default\">\n\t\t\t\t\t<div class=\"elementor-column elementor-col-100 elementor-top-column elementor-element elementor-element-e2b206d\" data-id=\"e2b206d\" data-element_type=\"column\">\n\t\t\t<div class=\"elementor-widget-wrap elementor-element-populated\">\n\t\t\t\t\t\t\t\t<div class=\"elementor-element elementor-element-df37775 elementor-widget elementor-widget-html\" data-id=\"df37775\" data-element_type=\"widget\" data-widget_type=\"html.default\">\n\t\t\t\t<div class=\"elementor-widget-container\">\n\t\t\t\r\n<p>&nbsp;<\/p>\r\n<div><style>\r\n\r\n .list-group {\r\n        list-style: none; \/* Quita los estilos predeterminados de la lista *\/\r\n        padding: 0;\r\n    }\r\n    .list-group-item {\r\n        background-color: #fffcfc; \/* Color de fondo *\/\r\n        border: 1px solid #ddd; \/* Borde *\/\r\n        padding: 10px 10px;\r\n        margin-bottom: 0px;\r\n        transition: background-color 0.3s ease-in-out;\r\n    }\r\n    .list-group-item a {\r\n        text-decoration: none;\r\n        color: #d40000; \/* Color rojo *\/\r\n    }\r\n    .list-group-item:hover {\r\n        background-color: #f5f0f0; \/* Cambio de color al pasar el mouse *\/\r\n    }\r\n\r\n\r\n   .container, .accordion, .accordion-item, .accordion-header, .accordion-button, .accordion-body {\r\n        width: 100% !important;\r\n        max-width: 100% !important;\r\n    }\r\n\r\n\r\n\/*DISE\u00d1O DE LOS ACORDEONES EN GENERAL *\/\r\n    \/* Inicial *\/\r\n    .accordion-button {\r\n      background-color: #050409 !important;  \/* Color de fondo negro *\/\r\n      color: white !important;  \/* Texto blanco *\/\r\n      display: flex !important;\r\n      justify-content: space-between !important;\r\n      align-items: center !important;\r\n      text-align: left !important;\r\n    }   \r\n    \/* Cambiar el color cuando el acorde\u00f3n est\u00e1 abierto *\/\r\n    .accordion-button:not(.collapsed) {\r\n      background-color: #050409 !important;  \/* Negro *\/\r\n      color: white !important;  \/* Texto blanco *\/\r\n    }\r\n    \/* Cambiar el color del bot\u00f3n se cierra despu\u00e9s de abrirse *\/\r\n    .accordion-button.collapsed {\r\n      background-color: #f8f9fa !important;  \/* Fondo claro cuando est\u00e1 colapsado *\/\r\n      color: #000000 !important;  \/* Texto negro *\/\r\n    }\r\n    \/* Estilos para los paneles *\/\r\n    .accordion-item {\r\n      border: 0px solid #ffff !important;  \/* Borde gris claro *\/\r\n      border-radius: 0px !important;  \/* Bordes redondeados *\/\r\n      margin-bottom: 0px !important;  \/* Espacio entre acordeones *\/\r\n    }\r\n    \/* Sombra sutil en el contenido *\/\r\n    .accordion-body {\r\n      background-color: #ffffff !important;  \/* Fondo gris claro *\/\r\n    }\r\n    \/* Centrar el contenedor *\/\r\n    .container {\r\n      width: 1200px !important;\r\n      margin: auto !important;\r\n    }\r\n\/* Ajustar el padding para que est\u00e9n m\u00e1s juntos *\/\r\n.accordion-body {\r\n    padding: 0px !important; \/* Reduce espacio interno *\/\r\n}\r\n\/* Eliminar el borde azul al hacer clic en un bot\u00f3n del acorde\u00f3n *\/\r\n.accordion-button:focus {\r\n    box-shadow: none !important;  \/* Quita el resplandor azul *\/\r\n    outline: none !important;  \/* Quita el contorno *\/\r\n}\r\n\r\n\/* PRIMER NIVEL DE ACORDEON*\/\r\n.accordion-item > .accordion-header .accordion-button {\r\n    font-weight: bold !important;  \/* Negrita *\/\r\n    font-size: 1.25rem !important;  \/* Tama\u00f1o de letra *\/\r\n   padding: 10px !important; \/* Espaciado para hacerlo m\u00e1s grande *\/\r\n    min-height: 10px !important;  \/* Altura m\u00ednima para el primer nivel *\/\r\n  margin-bottom: 0px !important;  \/* Espacio abajo del primer nivel *\/\r\n}\r\n\r\n\r\n\/* FLECHA (TODO UN SHOW)*\/\r\n\/* 1. Flecha negra cuando el acorde\u00f3n est\u00e1 cerrado *\/\r\n.accordion-button.collapsed::after {\r\n    color: black !important;  \/* Si el icono usa texto *\/\r\n    fill: black !important;   \/* Si es un SVG *\/\r\n    stroke: black !important; \/* Si el SVG tiene borde *\/\r\n}\r\n\/* 2. Flecha blanca cuando el acorde\u00f3n est\u00e1 abierto *\/\r\n.accordion-button:not(.collapsed)::after {\r\n    color: white !important;  \/* Si el icono usa texto *\/\r\n    fill: white !important;   \/* Si es un SVG *\/\r\n    stroke: white !important; \/* Si el SVG tiene borde *\/\r\n}\r\n\/* 3. Asegurarnos de que no haya fondo o imagen de fondo *\/\r\n.accordion-button::after {\r\n    background: none !important;\r\n    background-image: none !important;\r\n    content: \"\\f107\" !important; \/* Asegura que el icono est\u00e9 presente, usando el c\u00f3digo para la flecha *\/\r\n    visibility: visible !important; \/* Asegura que la flecha se mantenga visible *\/\r\n    display: inline-block !important; \/* Asegura que el icono se mantenga como un bloque *\/\r\n    opacity: 1 !important; \/* Asegura que no se desvanezca *\/\r\n    font-family: 'FontAwesome' !important; \/* Utilizamos FontAwesome para la flecha si se usa como icono *\/\r\n}\r\n  <\/style><\/div>\r\n<div>\r\n<div class=\"container mt-5\">\r\n    \r\n<div id=\"accordionExample\" class=\"accordion\">\r\n<div class=\"accordion-item\">\r\n<h2 id=\"headingGeneral\" class=\"accordion-header\"><button class=\"accordion-button\" type=\"button\" data-bs-toggle=\"collapse\" data-bs-target=\"#collapseGeneral\" aria-expanded=\"true\" aria-controls=\"collapseGeneral\"> REPORTES FINALES SOBRE LAS RECOMENDACIONES <\/button><\/h2>\r\n<div id=\"collapseGeneral\" class=\"accordion-collapse collapse\" aria-labelledby=\"headingGeneral\" data-bs-parent=\"#accordionExample\">\r\n<div class=\"accordion-body\">\r\n    <ul class=\"list-group\">\r\n <li class=\"list-group-item\"><a href=\"https:\/\/asey.gob.mx\/web\/InformesPDF\/InformeRecomendaciones\/2023\/Recomendaciones_3_2023.pdf\" target=\"_blank\" rel=\"noopener noreferrer\">Tercera Entrega de la Cuenta P\u00fablica 2023<\/a><\/li>\r\n <li class=\"list-group-item\"><a href=\"https:\/\/asey.gob.mx\/web\/InformesPDF\/InformeRecomendaciones\/2023\/Recomendaciones_2_2023.pdf\" target=\"_blank\" rel=\"noopener noreferrer\">Segunda Entrega de la Cuenta P\u00fablica 2023<\/a><\/li>\r\n \r\n \r\n <li class=\"list-group-item\"><a href=\"https:\/\/asey.gob.mx\/web\/InformesPDF\/InformeRecomendaciones\/2022\/reporte_recome_3ra_entrega_cp2022.pdf\" target=\"_blank\" rel=\"noopener noreferrer\">Tercera Entrega de la Cuenta P\u00fablica 2022<\/a><\/li>\r\n<\/ul>\r\n<\/div>\r\n<\/div>\r\n<\/div>\r\n<\/div>\r\n<div> \r\n\r\n<\/div>\r\n<\/div>\r\n<\/div>\r\n<script>\r\nfunction filtrar(input, listaId) {\r\n  const filtro = input.value.toLowerCase();\r\n  const lista = document.getElementById(listaId);\r\n  const items = lista.getElementsByTagName('li');\r\n  \r\n  for (let i = 0; i < items.length; i++) {\r\n    const texto = items[i].innerText.toLowerCase();\r\n    items[i].style.display = texto.includes(filtro) ? \"\" : \"none\";\r\n  }\r\n}\r\n<\/script>\r\n\r\n\r\n  <script src=\"https:\/\/cdn.jsdelivr.net\/npm\/bootstrap@5.3.0-alpha1\/dist\/js\/bootstrap.bundle.min.js\"><\/script>\t\t<\/div>\n\t\t\t\t<\/div>\n\t\t\t\t\t<\/div>\n\t\t<\/div>\n\t\t\t\t\t\t\t<\/div>\n\t\t<\/section>\n\t\t\t\t\t\t\t<\/div>\n\t\t","protected":false},"excerpt":{"rendered":"<p>REPORTE SOBRE LAS RECOMENDACIONES CORRESPONDIENTES A LA FISCALIZACI\u00d3N DE LA CUENTA P\u00daBLICA La Auditor\u00eda Superior del Estado de Yucat\u00e1n, presenta los reportes finales sobre las recomendaciones de la cuenta p\u00fablica con fundamento en el \u00faltimo p\u00e1rrafo del Art\u00edculo 80 de la Ley de Fiscalizaci\u00f3n de la Cuenta P\u00fablica del Estado de Yucat\u00e1n, mismos que se [&hellip;]<\/p>\n","protected":false},"author":8,"featured_media":0,"parent":0,"menu_order":0,"comment_status":"closed","ping_status":"closed","template":"","meta":[],"_links":{"self":[{"href":"https:\/\/asey.gob.mx\/web\/wp-json\/wp\/v2\/pages\/7154"}],"collection":[{"href":"https:\/\/asey.gob.mx\/web\/wp-json\/wp\/v2\/pages"}],"about":[{"href":"https:\/\/asey.gob.mx\/web\/wp-json\/wp\/v2\/types\/page"}],"author":[{"embeddable":true,"href":"https:\/\/asey.gob.mx\/web\/wp-json\/wp\/v2\/users\/8"}],"replies":[{"embeddable":true,"href":"https:\/\/asey.gob.mx\/web\/wp-json\/wp\/v2\/comments?post=7154"}],"version-history":[{"count":23,"href":"https:\/\/asey.gob.mx\/web\/wp-json\/wp\/v2\/pages\/7154\/revisions"}],"predecessor-version":[{"id":7828,"href":"https:\/\/asey.gob.mx\/web\/wp-json\/wp\/v2\/pages\/7154\/revisions\/7828"}],"wp:attachment":[{"href":"https:\/\/asey.gob.mx\/web\/wp-json\/wp\/v2\/media?parent=7154"}],"curies":[{"name":"wp","href":"https:\/\/api.w.org\/{rel}","templated":true}]}}