{"id":578,"date":"2020-04-11T13:44:06","date_gmt":"2020-04-11T18:44:06","guid":{"rendered":"https:\/\/asey.gob.mx\/web\/?page_id=578"},"modified":"2025-02-14T17:20:37","modified_gmt":"2025-02-14T23:20:37","slug":"cuentas-documentadas","status":"publish","type":"page","link":"https:\/\/asey.gob.mx\/web\/cuentas-documentadas\/","title":{"rendered":"Cuentas Documentadas"},"content":{"rendered":"\t\t<div data-elementor-type=\"wp-page\" data-elementor-id=\"578\" class=\"elementor elementor-578\">\n\t\t\t\t\t\t\t\t\t<section class=\"elementor-section elementor-top-section elementor-element elementor-element-0888659 elementor-section-boxed elementor-section-height-default elementor-section-height-default\" data-id=\"0888659\" data-element_type=\"section\">\n\t\t\t\t\t\t<div class=\"elementor-container elementor-column-gap-default\">\n\t\t\t\t\t<div class=\"elementor-column elementor-col-100 elementor-top-column elementor-element elementor-element-5a41183\" data-id=\"5a41183\" data-element_type=\"column\">\n\t\t\t<div class=\"elementor-widget-wrap elementor-element-populated\">\n\t\t\t\t\t\t\t\t<div class=\"elementor-element elementor-element-a0aec67 elementor-widget elementor-widget-text-editor\" data-id=\"a0aec67\" data-element_type=\"widget\" data-widget_type=\"text-editor.default\">\n\t\t\t\t<div class=\"elementor-widget-container\">\n\t\t\t\t\t\t\t\n<h2><strong>CUENTAS DOCUMENTADAS<\/strong><\/h2>\n\n\t\t\t\t\t\t<\/div>\n\t\t\t\t<\/div>\n\t\t\t\t\t<\/div>\n\t\t<\/div>\n\t\t\t\t\t\t\t<\/div>\n\t\t<\/section>\n\t\t\t\t<section class=\"elementor-section elementor-top-section elementor-element elementor-element-62b1153a elementor-section-boxed elementor-section-height-default elementor-section-height-default\" data-id=\"62b1153a\" data-element_type=\"section\">\n\t\t\t\t\t\t<div class=\"elementor-container elementor-column-gap-default\">\n\t\t\t\t\t<div class=\"elementor-column elementor-col-100 elementor-top-column elementor-element elementor-element-2fa3363b\" data-id=\"2fa3363b\" data-element_type=\"column\">\n\t\t\t<div class=\"elementor-widget-wrap elementor-element-populated\">\n\t\t\t\t\t\t\t\t<div class=\"elementor-element elementor-element-68aea997 elementor-widget elementor-widget-text-editor\" data-id=\"68aea997\" data-element_type=\"widget\" data-widget_type=\"text-editor.default\">\n\t\t\t\t<div class=\"elementor-widget-container\">\n\t\t\t\t\t\t\t<p><\/p>\n<p style=\"text-align: justify; text-justify: inter-word;\">En esta secci\u00f3n se incluyen los cuadros estad\u00edsticos e Informes Mensuales y Avances de Gesti\u00f3n Financiera de los Municipios<\/p>\n<p><\/p>\n<p><\/p>\n<div class=\"wp-block-spacer\" style=\"height: 20px;\" aria-hidden=\"true\">\u00a0<\/div>\n<p><\/p>\n<p><\/p>\n<h3>INFORME<strong> MENSUAL<\/strong><\/h3>\n<p><\/p>\n<p><\/p>\n<figure class=\"wp-block-table is-style-stripes\">\n<table>\n<tbody>\n<tr>\n<td><strong>Per\u00edodo<\/strong><\/td>\n<td><strong>2012<\/strong><\/td>\n<td><strong>2013<\/strong><\/td>\n<td><strong>2014<\/strong><\/td>\n<td><strong>2015<\/strong><\/td>\n<td><strong>2016<\/strong><\/td>\n<td><strong>2017<\/strong><\/td>\n<td><strong>2018<\/strong><\/td>\n<td><strong>2019<\/strong><\/td>\n<td>\u00a0<\/td>\n<\/tr>\n<tr>\n<td><em>Ene &#8211; Jun<\/em><\/td>\n<td><a href=\"https:\/\/www.asey.gob.mx\/web\/CPD\/ReporSemanal\/Ene-Jun%202012.xlsx\"><img decoding=\"async\" loading=\"lazy\" width=\"318\" height=\"296\" class=\"wp-image-955\" style=\"width: 40px;\" src=\"https:\/\/asey.gob.mx\/web\/contenido\/uploads\/2020\/05\/Excel_transp.png\" alt=\"\" srcset=\"https:\/\/asey.gob.mx\/web\/contenido\/uploads\/2020\/05\/Excel_transp.png 318w, https:\/\/asey.gob.mx\/web\/contenido\/uploads\/2020\/05\/Excel_transp-300x279.png 300w\" sizes=\"(max-width: 318px) 100vw, 318px\" \/><\/a><\/td>\n<td><a href=\"https:\/\/www.asey.gob.mx\/CPD\/ReporSemanal\/Ene-Jun%202013.xlsx\"><img decoding=\"async\" loading=\"lazy\" width=\"318\" height=\"296\" class=\"wp-image-955\" style=\"width: 40px;\" src=\"https:\/\/asey.gob.mx\/web\/contenido\/uploads\/2020\/05\/Excel_transp.png\" alt=\"\" srcset=\"https:\/\/asey.gob.mx\/web\/contenido\/uploads\/2020\/05\/Excel_transp.png 318w, https:\/\/asey.gob.mx\/web\/contenido\/uploads\/2020\/05\/Excel_transp-300x279.png 300w\" sizes=\"(max-width: 318px) 100vw, 318px\" \/><\/a><\/td>\n<td><a href=\"https:\/\/www.asey.gob.mx\/CPD\/ReporSemanal\/Ene-Jun%202014.xlsx\"><img decoding=\"async\" loading=\"lazy\" width=\"318\" height=\"296\" class=\"wp-image-955\" style=\"width: 40px;\" src=\"https:\/\/asey.gob.mx\/web\/contenido\/uploads\/2020\/05\/Excel_transp.png\" alt=\"\" srcset=\"https:\/\/asey.gob.mx\/web\/contenido\/uploads\/2020\/05\/Excel_transp.png 318w, https:\/\/asey.gob.mx\/web\/contenido\/uploads\/2020\/05\/Excel_transp-300x279.png 300w\" sizes=\"(max-width: 318px) 100vw, 318px\" \/><\/a><\/td>\n<td><a href=\"https:\/\/www.asey.gob.mx\/CPD\/ReporSemanal\/Ene-Jun%202015.xlsx\"><img decoding=\"async\" loading=\"lazy\" width=\"318\" height=\"296\" class=\"wp-image-955\" style=\"width: 40px;\" src=\"https:\/\/asey.gob.mx\/web\/contenido\/uploads\/2020\/05\/Excel_transp.png\" alt=\"\" srcset=\"https:\/\/asey.gob.mx\/web\/contenido\/uploads\/2020\/05\/Excel_transp.png 318w, https:\/\/asey.gob.mx\/web\/contenido\/uploads\/2020\/05\/Excel_transp-300x279.png 300w\" sizes=\"(max-width: 318px) 100vw, 318px\" \/><\/a><\/td>\n<td><a href=\"https:\/\/www.asey.gob.mx\/CPD\/ReporSemanal\/Ene-Jun%202016.xlsx\"><img decoding=\"async\" loading=\"lazy\" width=\"318\" height=\"296\" class=\"wp-image-955\" style=\"width: 40px;\" src=\"https:\/\/asey.gob.mx\/web\/contenido\/uploads\/2020\/05\/Excel_transp.png\" alt=\"\" srcset=\"https:\/\/asey.gob.mx\/web\/contenido\/uploads\/2020\/05\/Excel_transp.png 318w, https:\/\/asey.gob.mx\/web\/contenido\/uploads\/2020\/05\/Excel_transp-300x279.png 300w\" sizes=\"(max-width: 318px) 100vw, 318px\" \/><\/a><\/td>\n<td><a href=\"https:\/\/www.asey.gob.mx\/CPD\/ReporSemanal\/Ene-Jun%202017.xlsx\"><img decoding=\"async\" loading=\"lazy\" width=\"318\" height=\"296\" class=\"wp-image-955\" style=\"width: 40px;\" src=\"https:\/\/asey.gob.mx\/web\/contenido\/uploads\/2020\/05\/Excel_transp.png\" alt=\"\" srcset=\"https:\/\/asey.gob.mx\/web\/contenido\/uploads\/2020\/05\/Excel_transp.png 318w, https:\/\/asey.gob.mx\/web\/contenido\/uploads\/2020\/05\/Excel_transp-300x279.png 300w\" sizes=\"(max-width: 318px) 100vw, 318px\" \/><\/a><\/td>\n<td><a href=\"https:\/\/www.asey.gob.mx\/CPD\/ReporSemanal\/Ene-Jun%202018.xlsx\"><img decoding=\"async\" loading=\"lazy\" width=\"318\" height=\"296\" class=\"wp-image-955\" style=\"width: 40px;\" src=\"https:\/\/asey.gob.mx\/web\/contenido\/uploads\/2020\/05\/Excel_transp.png\" alt=\"\" srcset=\"https:\/\/asey.gob.mx\/web\/contenido\/uploads\/2020\/05\/Excel_transp.png 318w, https:\/\/asey.gob.mx\/web\/contenido\/uploads\/2020\/05\/Excel_transp-300x279.png 300w\" sizes=\"(max-width: 318px) 100vw, 318px\" \/><\/a><\/td>\n<td><a href=\"https:\/\/www.asey.gob.mx\/CPD\/ReporSemanal\/Ene-Jun%202019.xlsx\"><img decoding=\"async\" loading=\"lazy\" width=\"318\" height=\"296\" class=\"wp-image-955\" style=\"width: 40px;\" src=\"https:\/\/asey.gob.mx\/web\/contenido\/uploads\/2020\/05\/Excel_transp.png\" alt=\"\" srcset=\"https:\/\/asey.gob.mx\/web\/contenido\/uploads\/2020\/05\/Excel_transp.png 318w, https:\/\/asey.gob.mx\/web\/contenido\/uploads\/2020\/05\/Excel_transp-300x279.png 300w\" sizes=\"(max-width: 318px) 100vw, 318px\" \/><\/a><\/td>\n<td>\u00a0<\/td>\n<\/tr>\n<tr>\n<td><em>Jul &#8211; Dic<\/em><\/td>\n<td><a href=\"https:\/\/www.asey.gob.mx\/CPD\/ReporSemanal\/Jul-Dic%202012.xlsx\"><img decoding=\"async\" loading=\"lazy\" width=\"318\" height=\"296\" class=\"wp-image-955\" style=\"width: 40px;\" src=\"https:\/\/asey.gob.mx\/web\/contenido\/uploads\/2020\/05\/Excel_transp.png\" alt=\"\" srcset=\"https:\/\/asey.gob.mx\/web\/contenido\/uploads\/2020\/05\/Excel_transp.png 318w, https:\/\/asey.gob.mx\/web\/contenido\/uploads\/2020\/05\/Excel_transp-300x279.png 300w\" sizes=\"(max-width: 318px) 100vw, 318px\" \/><\/a><\/td>\n<td><a href=\"https:\/\/www.asey.gob.mx\/CPD\/ReporSemanal\/Jul-Dic%202013.xlsx\"><img decoding=\"async\" loading=\"lazy\" width=\"318\" height=\"296\" class=\"wp-image-955\" style=\"width: 40px;\" src=\"https:\/\/asey.gob.mx\/web\/contenido\/uploads\/2020\/05\/Excel_transp.png\" alt=\"\" srcset=\"https:\/\/asey.gob.mx\/web\/contenido\/uploads\/2020\/05\/Excel_transp.png 318w, https:\/\/asey.gob.mx\/web\/contenido\/uploads\/2020\/05\/Excel_transp-300x279.png 300w\" sizes=\"(max-width: 318px) 100vw, 318px\" \/><\/a><\/td>\n<td><a href=\"https:\/\/www.asey.gob.mx\/CPD\/ReporSemanal\/Jul-Dic%202014.xlsx\"><img decoding=\"async\" loading=\"lazy\" width=\"318\" height=\"296\" class=\"wp-image-955\" style=\"width: 40px;\" src=\"https:\/\/asey.gob.mx\/web\/contenido\/uploads\/2020\/05\/Excel_transp.png\" alt=\"\" srcset=\"https:\/\/asey.gob.mx\/web\/contenido\/uploads\/2020\/05\/Excel_transp.png 318w, https:\/\/asey.gob.mx\/web\/contenido\/uploads\/2020\/05\/Excel_transp-300x279.png 300w\" sizes=\"(max-width: 318px) 100vw, 318px\" \/><\/a><\/td>\n<td><a href=\"https:\/\/www.asey.gob.mx\/CPD\/ReporSemanal\/Jul-Dic%202015.xlsx\"><img decoding=\"async\" loading=\"lazy\" width=\"318\" height=\"296\" class=\"wp-image-955\" style=\"width: 40px;\" src=\"https:\/\/asey.gob.mx\/web\/contenido\/uploads\/2020\/05\/Excel_transp.png\" alt=\"\" srcset=\"https:\/\/asey.gob.mx\/web\/contenido\/uploads\/2020\/05\/Excel_transp.png 318w, https:\/\/asey.gob.mx\/web\/contenido\/uploads\/2020\/05\/Excel_transp-300x279.png 300w\" sizes=\"(max-width: 318px) 100vw, 318px\" \/><\/a><\/td>\n<td><a href=\"https:\/\/www.asey.gob.mx\/CPD\/ReporSemanal\/Jul-Dic%202016.xlsx\"><img decoding=\"async\" loading=\"lazy\" width=\"318\" height=\"296\" class=\"wp-image-955\" style=\"width: 40px;\" src=\"https:\/\/asey.gob.mx\/web\/contenido\/uploads\/2020\/05\/Excel_transp.png\" alt=\"\" srcset=\"https:\/\/asey.gob.mx\/web\/contenido\/uploads\/2020\/05\/Excel_transp.png 318w, https:\/\/asey.gob.mx\/web\/contenido\/uploads\/2020\/05\/Excel_transp-300x279.png 300w\" sizes=\"(max-width: 318px) 100vw, 318px\" \/><\/a><\/td>\n<td><a href=\"https:\/\/www.asey.gob.mx\/CPD\/ReporSemanal\/Jul-Dic%202017.xlsx\"><img decoding=\"async\" loading=\"lazy\" width=\"318\" height=\"296\" class=\"wp-image-955\" style=\"width: 40px;\" src=\"https:\/\/asey.gob.mx\/web\/contenido\/uploads\/2020\/05\/Excel_transp.png\" alt=\"\" srcset=\"https:\/\/asey.gob.mx\/web\/contenido\/uploads\/2020\/05\/Excel_transp.png 318w, https:\/\/asey.gob.mx\/web\/contenido\/uploads\/2020\/05\/Excel_transp-300x279.png 300w\" sizes=\"(max-width: 318px) 100vw, 318px\" \/><\/a><\/td>\n<td><a href=\"https:\/\/www.asey.gob.mx\/CPD\/ReporSemanal\/Jul-Dic%202018.xlsx\"><img decoding=\"async\" loading=\"lazy\" width=\"318\" height=\"296\" class=\"wp-image-955\" style=\"width: 40px;\" src=\"https:\/\/asey.gob.mx\/web\/contenido\/uploads\/2020\/05\/Excel_transp.png\" alt=\"\" srcset=\"https:\/\/asey.gob.mx\/web\/contenido\/uploads\/2020\/05\/Excel_transp.png 318w, https:\/\/asey.gob.mx\/web\/contenido\/uploads\/2020\/05\/Excel_transp-300x279.png 300w\" sizes=\"(max-width: 318px) 100vw, 318px\" \/><\/a><\/td>\n<td><a href=\"https:\/\/www.asey.gob.mx\/CPD\/ReporSemanal\/Jul-Dic%202019.xlsx\"><img decoding=\"async\" loading=\"lazy\" width=\"318\" height=\"296\" class=\"wp-image-955\" style=\"width: 40px;\" src=\"https:\/\/asey.gob.mx\/web\/contenido\/uploads\/2020\/05\/Excel_transp.png\" alt=\"\" srcset=\"https:\/\/asey.gob.mx\/web\/contenido\/uploads\/2020\/05\/Excel_transp.png 318w, https:\/\/asey.gob.mx\/web\/contenido\/uploads\/2020\/05\/Excel_transp-300x279.png 300w\" sizes=\"(max-width: 318px) 100vw, 318px\" \/><\/a><\/td>\n<td>\u00a0<\/td>\n<\/tr>\n<\/tbody>\n<\/table>\n<\/figure>\n<p><\/p>\n<p><\/p>\n<div class=\"wp-block-spacer\" style=\"height: 34px;\" aria-hidden=\"true\">\u00a0<\/div>\n<p><\/p>\n<p><\/p>\n<h3>ESTATUS DE LA ENTREGA DE LA\u00a0<strong>CUENTA P\u00daBLICA CONSOLIDADA<\/strong><\/h3>\n<p><\/p>\n<p><\/p>\n<figure class=\"wp-block-table aligncenter is-style-stripes\">\n<table>\n<tbody>\n<tr>\n<td><strong>Cuenta P\u00fablica<\/strong><\/td>\n<td><em>Descarga<\/em><\/td>\n<\/tr>\n<tr>\n<td><strong>CP 2014<\/strong><\/td>\n<td class=\"has-text-align-center\" data-align=\"center\"><a href=\"https:\/\/www.asey.gob.mx\/CPD\/Estatus%20Cuenta%20Publica%202014%20AS.xls\"><img decoding=\"async\" loading=\"lazy\" width=\"318\" height=\"296\" class=\"wp-image-955\" style=\"width: 50px;\" src=\"https:\/\/asey.gob.mx\/web\/contenido\/uploads\/2020\/05\/Excel_transp.png\" alt=\"\" srcset=\"https:\/\/asey.gob.mx\/web\/contenido\/uploads\/2020\/05\/Excel_transp.png 318w, https:\/\/asey.gob.mx\/web\/contenido\/uploads\/2020\/05\/Excel_transp-300x279.png 300w\" sizes=\"(max-width: 318px) 100vw, 318px\" \/><\/a><\/td>\n<\/tr>\n<tr>\n<td><strong>CP 2015<\/strong><\/td>\n<td class=\"has-text-align-center\" data-align=\"center\"><a href=\"https:\/\/www.asey.gob.mx\/CPD\/Estatus%20Cuenta%20Publica%202015%20AS.xls\"><img decoding=\"async\" loading=\"lazy\" width=\"318\" height=\"296\" class=\"wp-image-955\" style=\"width: 50px;\" src=\"https:\/\/asey.gob.mx\/web\/contenido\/uploads\/2020\/05\/Excel_transp.png\" alt=\"\" srcset=\"https:\/\/asey.gob.mx\/web\/contenido\/uploads\/2020\/05\/Excel_transp.png 318w, https:\/\/asey.gob.mx\/web\/contenido\/uploads\/2020\/05\/Excel_transp-300x279.png 300w\" sizes=\"(max-width: 318px) 100vw, 318px\" \/><\/a><\/td>\n<\/tr>\n<tr>\n<td><strong>CP 2016<\/strong><\/td>\n<td class=\"has-text-align-center\" data-align=\"center\"><a href=\"https:\/\/www.asey.gob.mx\/CPD\/Estatus%20Cuenta%20Publica%202016%20AS.xls\"><img decoding=\"async\" loading=\"lazy\" width=\"318\" height=\"296\" class=\"wp-image-955\" style=\"width: 50px;\" src=\"https:\/\/asey.gob.mx\/web\/contenido\/uploads\/2020\/05\/Excel_transp.png\" alt=\"\" srcset=\"https:\/\/asey.gob.mx\/web\/contenido\/uploads\/2020\/05\/Excel_transp.png 318w, https:\/\/asey.gob.mx\/web\/contenido\/uploads\/2020\/05\/Excel_transp-300x279.png 300w\" sizes=\"(max-width: 318px) 100vw, 318px\" \/><\/a><\/td>\n<\/tr>\n<tr>\n<td><strong>CP 2017<\/strong><\/td>\n<td class=\"has-text-align-center\" data-align=\"center\"><a href=\"https:\/\/www.asey.gob.mx\/CPD\/Estatus%20Cuenta%20Publica%202017%20AS.xlsx\"><img decoding=\"async\" loading=\"lazy\" width=\"318\" height=\"296\" class=\"wp-image-955\" style=\"width: 50px;\" src=\"https:\/\/asey.gob.mx\/web\/contenido\/uploads\/2020\/05\/Excel_transp.png\" alt=\"\" srcset=\"https:\/\/asey.gob.mx\/web\/contenido\/uploads\/2020\/05\/Excel_transp.png 318w, https:\/\/asey.gob.mx\/web\/contenido\/uploads\/2020\/05\/Excel_transp-300x279.png 300w\" sizes=\"(max-width: 318px) 100vw, 318px\" \/><\/a><\/td>\n<\/tr>\n<\/tbody>\n<\/table>\n<\/figure>\n<p><\/p>\n<p><\/p>\n<div class=\"wp-block-spacer\" style=\"height: 34px;\" aria-hidden=\"true\">\u00a0<\/div>\n<p><\/p>\n\n\n<h3>INFORMES<strong> TRIMESTRALES<\/strong><\/h3>\n\n\n<p><\/p>\n<figure class=\"wp-block-table aligncenter is-style-stripes\">\n<table>\n<tbody>\n<tr>\n<td class=\"has-text-align-center\" data-align=\"center\"><strong>Periodo<\/strong><\/td>\n<td><em>Descarga<\/em><\/td>\n<\/tr>\n<tr>\n<td class=\"has-text-align-center\" data-align=\"center\">2013<\/td>\n<td class=\"has-text-align-center\" data-align=\"center\"><a href=\"https:\/\/www.asey.gob.mx\/CPD\/ReporSemanal\/Trimestrales%202013.xlsx\"><img decoding=\"async\" loading=\"lazy\" width=\"318\" height=\"296\" class=\"wp-image-955\" style=\"width: 50px;\" src=\"https:\/\/asey.gob.mx\/web\/contenido\/uploads\/2020\/05\/Excel_transp.png\" alt=\"\" srcset=\"https:\/\/asey.gob.mx\/web\/contenido\/uploads\/2020\/05\/Excel_transp.png 318w, https:\/\/asey.gob.mx\/web\/contenido\/uploads\/2020\/05\/Excel_transp-300x279.png 300w\" sizes=\"(max-width: 318px) 100vw, 318px\" \/><\/a><\/td>\n<\/tr>\n<tr>\n<td class=\"has-text-align-center\" data-align=\"center\">2014<\/td>\n<td class=\"has-text-align-center\" data-align=\"center\"><a href=\"https:\/\/www.asey.gob.mx\/CPD\/ReporSemanal\/Trimestrales%202014.xlsx\"><img decoding=\"async\" loading=\"lazy\" width=\"318\" height=\"296\" class=\"wp-image-955\" style=\"width: 50px;\" src=\"https:\/\/asey.gob.mx\/web\/contenido\/uploads\/2020\/05\/Excel_transp.png\" alt=\"\" srcset=\"https:\/\/asey.gob.mx\/web\/contenido\/uploads\/2020\/05\/Excel_transp.png 318w, https:\/\/asey.gob.mx\/web\/contenido\/uploads\/2020\/05\/Excel_transp-300x279.png 300w\" sizes=\"(max-width: 318px) 100vw, 318px\" \/><\/a><\/td>\n<\/tr>\n<tr>\n<td class=\"has-text-align-center\" data-align=\"center\">2015<\/td>\n<td class=\"has-text-align-center\" data-align=\"center\"><a href=\"https:\/\/www.asey.gob.mx\/CPD\/ReporSemanal\/Trimestrales%202015.xlsx\"><img decoding=\"async\" loading=\"lazy\" width=\"318\" height=\"296\" class=\"wp-image-955\" style=\"width: 50px;\" src=\"https:\/\/asey.gob.mx\/web\/contenido\/uploads\/2020\/05\/Excel_transp.png\" alt=\"\" srcset=\"https:\/\/asey.gob.mx\/web\/contenido\/uploads\/2020\/05\/Excel_transp.png 318w, https:\/\/asey.gob.mx\/web\/contenido\/uploads\/2020\/05\/Excel_transp-300x279.png 300w\" sizes=\"(max-width: 318px) 100vw, 318px\" \/><\/a><\/td>\n<\/tr>\n<tr>\n<td class=\"has-text-align-center\" data-align=\"center\">2016<\/td>\n<td class=\"has-text-align-center\" data-align=\"center\"><a href=\"https:\/\/www.asey.gob.mx\/CPD\/ReporSemanal\/Trimestrales%202016.xlsx\"><img decoding=\"async\" loading=\"lazy\" width=\"318\" height=\"296\" class=\"wp-image-955\" style=\"width: 50px;\" src=\"https:\/\/asey.gob.mx\/web\/contenido\/uploads\/2020\/05\/Excel_transp.png\" alt=\"\" srcset=\"https:\/\/asey.gob.mx\/web\/contenido\/uploads\/2020\/05\/Excel_transp.png 318w, https:\/\/asey.gob.mx\/web\/contenido\/uploads\/2020\/05\/Excel_transp-300x279.png 300w\" sizes=\"(max-width: 318px) 100vw, 318px\" \/><\/a><\/td>\n<\/tr>\n<tr>\n<td class=\"has-text-align-center\" data-align=\"center\">2017<\/td>\n<td class=\"has-text-align-center\" data-align=\"center\"><a href=\"https:\/\/www.asey.gob.mx\/CPD\/ReporSemanal\/Trimestrales%202017.xlsx\"><img decoding=\"async\" loading=\"lazy\" width=\"318\" height=\"296\" class=\"wp-image-955\" style=\"width: 50px;\" src=\"https:\/\/asey.gob.mx\/web\/contenido\/uploads\/2020\/05\/Excel_transp.png\" alt=\"\" srcset=\"https:\/\/asey.gob.mx\/web\/contenido\/uploads\/2020\/05\/Excel_transp.png 318w, https:\/\/asey.gob.mx\/web\/contenido\/uploads\/2020\/05\/Excel_transp-300x279.png 300w\" sizes=\"(max-width: 318px) 100vw, 318px\" \/><\/a><\/td>\n<\/tr>\n<tr>\n<td class=\"has-text-align-center\" data-align=\"center\">2018<\/td>\n<td class=\"has-text-align-center\" data-align=\"center\"><a href=\"https:\/\/www.asey.gob.mx\/CPD\/ReporSemanal\/Trimestrales%202018.xlsx\"><img decoding=\"async\" loading=\"lazy\" width=\"318\" height=\"296\" class=\"wp-image-955\" style=\"width: 50px;\" src=\"https:\/\/asey.gob.mx\/web\/contenido\/uploads\/2020\/05\/Excel_transp.png\" alt=\"\" srcset=\"https:\/\/asey.gob.mx\/web\/contenido\/uploads\/2020\/05\/Excel_transp.png 318w, https:\/\/asey.gob.mx\/web\/contenido\/uploads\/2020\/05\/Excel_transp-300x279.png 300w\" sizes=\"(max-width: 318px) 100vw, 318px\" \/><\/a><\/td>\n<\/tr>\n<tr>\n<td class=\"has-text-align-center\" data-align=\"center\">2019<\/td>\n<td class=\"has-text-align-center\" data-align=\"center\"><a href=\"https:\/\/www.asey.gob.mx\/CPD\/ReporSemanal\/Trimestrales%202019.xlsx\"><img decoding=\"async\" loading=\"lazy\" width=\"318\" height=\"296\" class=\"wp-image-955\" style=\"width: 50px;\" src=\"https:\/\/asey.gob.mx\/web\/contenido\/uploads\/2020\/05\/Excel_transp.png\" alt=\"\" srcset=\"https:\/\/asey.gob.mx\/web\/contenido\/uploads\/2020\/05\/Excel_transp.png 318w, https:\/\/asey.gob.mx\/web\/contenido\/uploads\/2020\/05\/Excel_transp-300x279.png 300w\" sizes=\"(max-width: 318px) 100vw, 318px\" \/><\/a><\/td>\n<\/tr>\n<\/tbody>\n<\/table>\n<\/figure>\n<p><\/p>\n<p><\/p>\n<p>&nbsp;<\/p>\n<p><\/p>\t\t\t\t\t\t<\/div>\n\t\t\t\t<\/div>\n\t\t\t\t\t<\/div>\n\t\t<\/div>\n\t\t\t\t\t\t\t<\/div>\n\t\t<\/section>\n\t\t\t\t\t\t\t<\/div>\n\t\t","protected":false},"excerpt":{"rendered":"<p>CUENTAS DOCUMENTADAS En esta secci\u00f3n se incluyen los cuadros estad\u00edsticos e Informes Mensuales y Avances de Gesti\u00f3n Financiera de los Municipios INFORME MENSUAL Per\u00edodo 2012 2013 2014 2015 2016 2017 2018 2019 \u00a0 Ene &#8211; Jun \u00a0 Jul &#8211; Dic \u00a0 ESTATUS DE LA ENTREGA DE LA\u00a0CUENTA P\u00daBLICA CONSOLIDADA Cuenta P\u00fablica Descarga CP 2014 CP [&hellip;]<\/p>\n","protected":false},"author":2,"featured_media":0,"parent":0,"menu_order":0,"comment_status":"closed","ping_status":"closed","template":"","meta":[],"_links":{"self":[{"href":"https:\/\/asey.gob.mx\/web\/wp-json\/wp\/v2\/pages\/578"}],"collection":[{"href":"https:\/\/asey.gob.mx\/web\/wp-json\/wp\/v2\/pages"}],"about":[{"href":"https:\/\/asey.gob.mx\/web\/wp-json\/wp\/v2\/types\/page"}],"author":[{"embeddable":true,"href":"https:\/\/asey.gob.mx\/web\/wp-json\/wp\/v2\/users\/2"}],"replies":[{"embeddable":true,"href":"https:\/\/asey.gob.mx\/web\/wp-json\/wp\/v2\/comments?post=578"}],"version-history":[{"count":35,"href":"https:\/\/asey.gob.mx\/web\/wp-json\/wp\/v2\/pages\/578\/revisions"}],"predecessor-version":[{"id":6481,"href":"https:\/\/asey.gob.mx\/web\/wp-json\/wp\/v2\/pages\/578\/revisions\/6481"}],"wp:attachment":[{"href":"https:\/\/asey.gob.mx\/web\/wp-json\/wp\/v2\/media?parent=578"}],"curies":[{"name":"wp","href":"https:\/\/api.w.org\/{rel}","templated":true}]}}