{"id":551,"date":"2020-04-10T13:20:39","date_gmt":"2020-04-10T18:20:39","guid":{"rendered":"https:\/\/asey.gob.mx\/web\/?page_id=551"},"modified":"2020-04-30T10:13:43","modified_gmt":"2020-04-30T15:13:43","slug":"estudiantes","status":"publish","type":"page","link":"https:\/\/asey.gob.mx\/web\/estudiantes\/","title":{"rendered":"Estudiantes"},"content":{"rendered":"\n<h3><strong>PROGRAMA PARA ESTUDIANTES<\/strong><\/h3>\n\n\n\n<h4><strong>OBJETIVO<\/strong><\/h4>\n\n\n\n<p style=\"text-align: justify; text-justify: inter-word;\"><span>El programa de <strong>servicio social, pr\u00e1cticas profesionales, estad\u00edas o residencias<\/strong> en la Auditor\u00eda Superior del Estado de Yucat\u00e1n, fue creado con el objetivo de <strong>desarrollar<\/strong> a los nuevos profesionales en fiscalizaci\u00f3n del sector p\u00fablico, a la vez que <strong>contribuyen<\/strong> a la <strong>innovaci\u00f3n<\/strong> y <strong>mejora<\/strong> de la Instituci\u00f3n.<\/span><\/p>\n\n\n\n<div style=\"height:20px\" aria-hidden=\"true\" class=\"wp-block-spacer\"><\/div>\n\n\n\n<h4><strong>DURACI\u00d3N<\/strong><\/h4>\n\n\n\n<p style=\"text-align: justify; text-justify: inter-word;\"><span>El programa consiste en un plan semestral o cuatrimestral de estancia en la Instituci\u00f3n, en el que el prestador se desempe\u00f1a en un \u00e1rea determinada de acuerdo a un proyecto previamente establecido, en donde se plantean las funciones a realizar.<\/span><\/p>\n\n\n\n<div style=\"height:20px\" aria-hidden=\"true\" class=\"wp-block-spacer\"><\/div>\n\n\n\n<h4><strong>PERFIL DE INGRESO<\/strong><\/h4>\n\n\n\n<p><span>Los perfiles solicitados por la Instituci\u00f3n son:<\/span>\n<\/p>\n\n\n\n<ul><li>Contador P\u00fablico,<\/li><li>Licenciado en Derecho o Abogado,<\/li><li>Ingeniero Civil,<\/li><li>Ingeniero en Sistemas Computacionales o af\u00edn,<\/li><li>Actuario,<\/li><li>Administrador de Empresas,<\/li><li>Psic\u00f3logo,<\/li><li>Comunic\u00f3logo,<\/li><li>Economista,<\/li><li>Licenciado en Administraci\u00f3n P\u00fablica.<\/li><\/ul>\n\n\n\n<div style=\"height:20px\" aria-hidden=\"true\" class=\"wp-block-spacer\"><\/div>\n\n\n\n<p style=\"text-align: justify; text-justify: inter-word;\"><span>Para tal efecto, hemos formalizado convenios de colaboraci\u00f3n con instituciones educativas, quienes cuentan con perfiles afines a los anteriormente mencionados.<\/span><\/p>\n\n\n\n<div style=\"height:20px\" aria-hidden=\"true\" class=\"wp-block-spacer\"><\/div>\n\n\n\n<h4><strong>CONVENIOS<\/strong><\/h4>\n\n\n\n<p>&#8211; Centro de Estudios Superiores CTM \u201cJusto Sierra O&#8217;Reilly\u201d<br>&#8211; Centro Universitario Felipe Carrillo Puerto<br>&#8211; Colegio de Estudios Cient\u00edficos y Tecnol\u00f3gicos del Estado de Yucat\u00e1n CECYTEY<br>&#8211; Instituto Tecnol\u00f3gico Superior del Sur del Estado de Yucat\u00e1n<br>&#8211; Instituto Tecnol\u00f3gico Superior Progreso<br>&#8211; Universidad del Oriente (UNO)<br>&#8211; Centro Educativo Latino A.C.<br>&#8211; Universidad Tecnol\u00f3gica del Centro (UTC)<br>&#8211; Universidad Tecnol\u00f3gica del Poniente (UTP)<br>&#8211; Universidad Tecnol\u00f3gica Regional del Sur (UTR)<br>&#8211; Universidad Marista<br>&#8211; Centro Comercial Bancarios<br>&#8211; Universidad del Valle del M\u00e9xico (UVM)<br>&#8211; Secretar\u00eda de la Juventud (SEJUVE)<br>&#8211; Universidad Aut\u00f3noma de Yucat\u00e1n (UADY)<\/p>\n\n\n\n<div style=\"height:20px\" aria-hidden=\"true\" class=\"wp-block-spacer\"><\/div>\n\n\n\n<h4><strong>CONDICIONES Y REQUISITOS<\/strong><\/h4>\n\n\n\n<p style=\"text-align: justify; text-justify: inter-word;\"><span>Las condiciones para realizar el Servicio Social o Practicas Profesionales en la Instituci\u00f3n son:<\/span><\/p>\n\n\n\n<ul style=\"text-align: justify; text-justify: inter-word;\"><li>Contar con cinco horas diarias para la realizaci\u00f3n del Servicio Social o las Practicas Profesionales.<\/li><\/ul>\n\n\n\n<ul style=\"text-align: justify; text-justify: inter-word;\"><li>Haber cubierto al menos 70% del plan de estudios de su carrera.<\/li><\/ul>\n\n\n\n<ul style=\"text-align: justify; text-justify: inter-word;\"><li>Realizar el proceso de reclutamiento y selecci\u00f3n establecido por el departamento de Recursos Humanos.<\/li><\/ul>\n\n\n\n<ul style=\"text-align: justify; text-justify: inter-word;\"><li>Contar con los conocimientos, habilidades y actitudes necesarias para desarrollarse en la Instituci\u00f3n.<\/li><\/ul>\n\n\n\n<div style=\"height:20px\" aria-hidden=\"true\" class=\"wp-block-spacer\"><\/div>\n\n\n\n<h4><strong>BENEFICIOS<\/strong><\/h4>\n\n\n\n<p style=\"text-align: justify; text-justify: inter-word;\"><span>Los beneficios que obtienen los estudiantes que realizan su Servicio Social o Practicas Profesionales en la ASEY son:<\/span><\/p>\n\n\n\n<ol style=\"text-align: justify; text-justify: inter-word;\"><li>Curso de inducci\u00f3n inicial, en el que conocen la misi\u00f3n y visi\u00f3n institucional, as\u00ed como los tipos de auditor\u00edas.<\/li><li>Asignaci\u00f3n de un tutor, quien se encarga de capacitar y evaluar al prestador en relaci\u00f3n al trabajo t\u00e9cnico y sus funciones.<\/li><li>Capacitaci\u00f3n continua en la Instituci\u00f3n.<\/li><li>Evaluaci\u00f3n bimestral.<\/li><li>Beca econ\u00f3mica mensual.<\/li><li>Oportunidad de realizar el proceso de reclutamiento y selecci\u00f3n laboral al finalizar el Servicio Social o Practicas Profesionales y prestar sus servicios profesionales en la Instituci\u00f3n.<\/li><li>Oportunidad de desarrollarse en una carrera profesional dentro de la Instituci\u00f3n.<\/li><\/ol>\n\n\n\n<div style=\"height:20px\" aria-hidden=\"true\" class=\"wp-block-spacer\"><\/div>\n\n\n\n<h4><strong>CONTACTO<\/strong><\/h4>\n\n\n\n<p><a href=\"mailto:recursos.humanos@asey.gob.mx\">recursos.humanos@asey.gob.mx<\/a><br>Departamento de Recursos Humanos<br>(999)-925-5626 Ext. 1061<\/p>\n","protected":false},"excerpt":{"rendered":"<p>PROGRAMA PARA ESTUDIANTES OBJETIVO El programa de servicio social, pr\u00e1cticas profesionales, estad\u00edas o residencias en la Auditor\u00eda Superior del Estado de Yucat\u00e1n, fue creado con el objetivo de desarrollar a los nuevos profesionales en fiscalizaci\u00f3n del sector p\u00fablico, a la vez que contribuyen a la innovaci\u00f3n y mejora de la Instituci\u00f3n. DURACI\u00d3N El programa consiste [&hellip;]<\/p>\n","protected":false},"author":2,"featured_media":0,"parent":0,"menu_order":0,"comment_status":"closed","ping_status":"closed","template":"","meta":[],"_links":{"self":[{"href":"https:\/\/asey.gob.mx\/web\/wp-json\/wp\/v2\/pages\/551"}],"collection":[{"href":"https:\/\/asey.gob.mx\/web\/wp-json\/wp\/v2\/pages"}],"about":[{"href":"https:\/\/asey.gob.mx\/web\/wp-json\/wp\/v2\/types\/page"}],"author":[{"embeddable":true,"href":"https:\/\/asey.gob.mx\/web\/wp-json\/wp\/v2\/users\/2"}],"replies":[{"embeddable":true,"href":"https:\/\/asey.gob.mx\/web\/wp-json\/wp\/v2\/comments?post=551"}],"version-history":[{"count":17,"href":"https:\/\/asey.gob.mx\/web\/wp-json\/wp\/v2\/pages\/551\/revisions"}],"predecessor-version":[{"id":835,"href":"https:\/\/asey.gob.mx\/web\/wp-json\/wp\/v2\/pages\/551\/revisions\/835"}],"wp:attachment":[{"href":"https:\/\/asey.gob.mx\/web\/wp-json\/wp\/v2\/media?parent=551"}],"curies":[{"name":"wp","href":"https:\/\/api.w.org\/{rel}","templated":true}]}}