{"id":5035,"date":"2024-12-17T16:32:11","date_gmt":"2024-12-17T22:32:11","guid":{"rendered":"https:\/\/asey.gob.mx\/web\/?page_id=5035"},"modified":"2026-01-29T17:10:09","modified_gmt":"2026-01-29T23:10:09","slug":"dias-inhabiles","status":"publish","type":"page","link":"https:\/\/asey.gob.mx\/web\/dias-inhabiles\/","title":{"rendered":"dias inhabiles"},"content":{"rendered":"\t\t<div data-elementor-type=\"wp-page\" data-elementor-id=\"5035\" class=\"elementor elementor-5035\">\n\t\t\t\t\t\t\t\t\t<section class=\"elementor-section elementor-top-section elementor-element elementor-element-94a1b16 elementor-section-boxed elementor-section-height-default elementor-section-height-default\" data-id=\"94a1b16\" data-element_type=\"section\">\n\t\t\t\t\t\t<div class=\"elementor-container elementor-column-gap-default\">\n\t\t\t\t\t<div class=\"elementor-column elementor-col-100 elementor-top-column elementor-element elementor-element-5dcb08d\" data-id=\"5dcb08d\" data-element_type=\"column\">\n\t\t\t<div class=\"elementor-widget-wrap elementor-element-populated\">\n\t\t\t\t\t\t\t\t<div class=\"elementor-element elementor-element-4d968fd elementor-widget elementor-widget-text-editor\" data-id=\"4d968fd\" data-element_type=\"widget\" data-widget_type=\"text-editor.default\">\n\t\t\t\t<div class=\"elementor-widget-container\">\n\t\t\t\t\t\t\t<p><\/p>\n<h2><strong>D\u00cdAS NO LABORABLES<\/strong><\/h2>\n<p><\/p>\t\t\t\t\t\t<\/div>\n\t\t\t\t<\/div>\n\t\t\t\t\t<\/div>\n\t\t<\/div>\n\t\t\t\t\t\t\t<\/div>\n\t\t<\/section>\n\t\t\t\t<section class=\"elementor-section elementor-top-section elementor-element elementor-element-250608c elementor-section-boxed elementor-section-height-default elementor-section-height-default\" data-id=\"250608c\" data-element_type=\"section\">\n\t\t\t\t\t\t<div class=\"elementor-container elementor-column-gap-default\">\n\t\t\t\t\t<div class=\"elementor-column elementor-col-33 elementor-top-column elementor-element elementor-element-3dc2c32\" data-id=\"3dc2c32\" data-element_type=\"column\">\n\t\t\t<div class=\"elementor-widget-wrap elementor-element-populated\">\n\t\t\t\t\t\t\t\t<div class=\"elementor-element elementor-element-c93cadb elementor-widget elementor-widget-image\" data-id=\"c93cadb\" data-element_type=\"widget\" data-widget_type=\"image.default\">\n\t\t\t\t<div class=\"elementor-widget-container\">\n\t\t\t\t\t\t\t\t\t\t\t\t<figure class=\"wp-caption\">\n\t\t\t\t\t\t\t\t\t\t\t<a href=\"https:\/\/asey.gob.mx\/web\/contenido\/uploads\/2026\/ACUERDO_ASEY_02_2025.pdf\">\n\t\t\t\t\t\t\t<img decoding=\"async\" width=\"232\" height=\"300\" src=\"https:\/\/asey.gob.mx\/web\/contenido\/uploads\/2025\/10\/ACUERDO_ASEY_02_2025-232x300.jpg\" class=\"attachment-medium size-medium wp-image-7679\" alt=\"\" loading=\"lazy\" srcset=\"https:\/\/asey.gob.mx\/web\/contenido\/uploads\/2025\/10\/ACUERDO_ASEY_02_2025-232x300.jpg 232w, https:\/\/asey.gob.mx\/web\/contenido\/uploads\/2025\/10\/ACUERDO_ASEY_02_2025-791x1024.jpg 791w, https:\/\/asey.gob.mx\/web\/contenido\/uploads\/2025\/10\/ACUERDO_ASEY_02_2025-768x994.jpg 768w, https:\/\/asey.gob.mx\/web\/contenido\/uploads\/2025\/10\/ACUERDO_ASEY_02_2025-1187x1536.jpg 1187w, https:\/\/asey.gob.mx\/web\/contenido\/uploads\/2025\/10\/ACUERDO_ASEY_02_2025.jpg 1275w\" sizes=\"(max-width: 232px) 100vw, 232px\" \/>\t\t\t\t\t\t\t\t<\/a>\n\t\t\t\t\t\t\t\t\t\t\t<figcaption class=\"widget-image-caption wp-caption-text\">D\u00edas Inh\u00e1biles 2026<\/figcaption>\n\t\t\t\t\t\t\t\t\t\t<\/figure>\n\t\t\t\t\t\t\t\t\t<\/div>\n\t\t\t\t<\/div>\n\t\t\t\t\t<\/div>\n\t\t<\/div>\n\t\t\t\t<div class=\"elementor-column elementor-col-33 elementor-top-column elementor-element elementor-element-8d9ca1e\" data-id=\"8d9ca1e\" data-element_type=\"column\">\n\t\t\t<div class=\"elementor-widget-wrap elementor-element-populated\">\n\t\t\t\t\t\t\t\t<div class=\"elementor-element elementor-element-d202e0b elementor-widget elementor-widget-image\" data-id=\"d202e0b\" data-element_type=\"widget\" data-widget_type=\"image.default\">\n\t\t\t\t<div class=\"elementor-widget-container\">\n\t\t\t\t\t\t\t\t\t\t\t\t<figure class=\"wp-caption\">\n\t\t\t\t\t\t\t\t\t\t\t<a href=\"https:\/\/asey.gob.mx\/web\/contenido\/uploads\/2025\/09\/CIRCULAR_ASEY_250912.pdf\">\n\t\t\t\t\t\t\t<img decoding=\"async\" width=\"212\" height=\"300\" src=\"https:\/\/asey.gob.mx\/web\/contenido\/uploads\/2025\/09\/ImgCir3_250912-212x300.jpg\" class=\"attachment-medium size-medium wp-image-7412\" alt=\"\" loading=\"lazy\" srcset=\"https:\/\/asey.gob.mx\/web\/contenido\/uploads\/2025\/09\/ImgCir3_250912-212x300.jpg 212w, https:\/\/asey.gob.mx\/web\/contenido\/uploads\/2025\/09\/ImgCir3_250912-723x1024.jpg 723w, https:\/\/asey.gob.mx\/web\/contenido\/uploads\/2025\/09\/ImgCir3_250912-768x1088.jpg 768w, https:\/\/asey.gob.mx\/web\/contenido\/uploads\/2025\/09\/ImgCir3_250912-1085x1536.jpg 1085w, https:\/\/asey.gob.mx\/web\/contenido\/uploads\/2025\/09\/ImgCir3_250912.jpg 1098w\" sizes=\"(max-width: 212px) 100vw, 212px\" \/>\t\t\t\t\t\t\t\t<\/a>\n\t\t\t\t\t\t\t\t\t\t\t<figcaption class=\"widget-image-caption wp-caption-text\">Suspensi\u00f3n Parcial de Labores, Septiembre 2025<\/figcaption>\n\t\t\t\t\t\t\t\t\t\t<\/figure>\n\t\t\t\t\t\t\t\t\t<\/div>\n\t\t\t\t<\/div>\n\t\t\t\t\t<\/div>\n\t\t<\/div>\n\t\t\t\t<div class=\"elementor-column elementor-col-33 elementor-top-column elementor-element elementor-element-dae2f8c\" data-id=\"dae2f8c\" data-element_type=\"column\">\n\t\t\t<div class=\"elementor-widget-wrap elementor-element-populated\">\n\t\t\t\t\t\t\t\t<div class=\"elementor-element elementor-element-2468530 elementor-widget elementor-widget-image\" data-id=\"2468530\" data-element_type=\"widget\" data-widget_type=\"image.default\">\n\t\t\t\t<div class=\"elementor-widget-container\">\n\t\t\t\t\t\t\t\t\t\t\t\t<figure class=\"wp-caption\">\n\t\t\t\t\t\t\t\t\t\t\t<a href=\"https:\/\/asey.gob.mx\/web\/contenido\/uploads\/2025\/ACUERDO_ASEY_2024_09_21_VF.pdf\">\n\t\t\t\t\t\t\t<img decoding=\"async\" width=\"232\" height=\"300\" src=\"https:\/\/asey.gob.mx\/web\/contenido\/uploads\/2024\/12\/dias_inhabiles-232x300.png\" class=\"attachment-medium size-medium wp-image-5120\" alt=\"\" loading=\"lazy\" srcset=\"https:\/\/asey.gob.mx\/web\/contenido\/uploads\/2024\/12\/dias_inhabiles-232x300.png 232w, https:\/\/asey.gob.mx\/web\/contenido\/uploads\/2024\/12\/dias_inhabiles.png 382w\" sizes=\"(max-width: 232px) 100vw, 232px\" \/>\t\t\t\t\t\t\t\t<\/a>\n\t\t\t\t\t\t\t\t\t\t\t<figcaption class=\"widget-image-caption wp-caption-text\">D\u00edas Inh\u00e1biles 2025<\/figcaption>\n\t\t\t\t\t\t\t\t\t\t<\/figure>\n\t\t\t\t\t\t\t\t\t<\/div>\n\t\t\t\t<\/div>\n\t\t\t\t\t<\/div>\n\t\t<\/div>\n\t\t\t\t\t\t\t<\/div>\n\t\t<\/section>\n\t\t\t\t\t\t\t<\/div>\n\t\t","protected":false},"excerpt":{"rendered":"<p>D\u00cdAS NO LABORABLES D\u00edas Inh\u00e1biles 2026 Suspensi\u00f3n Parcial de Labores, Septiembre 2025 D\u00edas Inh\u00e1biles 2025<\/p>\n","protected":false},"author":6,"featured_media":0,"parent":0,"menu_order":0,"comment_status":"closed","ping_status":"closed","template":"","meta":[],"_links":{"self":[{"href":"https:\/\/asey.gob.mx\/web\/wp-json\/wp\/v2\/pages\/5035"}],"collection":[{"href":"https:\/\/asey.gob.mx\/web\/wp-json\/wp\/v2\/pages"}],"about":[{"href":"https:\/\/asey.gob.mx\/web\/wp-json\/wp\/v2\/types\/page"}],"author":[{"embeddable":true,"href":"https:\/\/asey.gob.mx\/web\/wp-json\/wp\/v2\/users\/6"}],"replies":[{"embeddable":true,"href":"https:\/\/asey.gob.mx\/web\/wp-json\/wp\/v2\/comments?post=5035"}],"version-history":[{"count":69,"href":"https:\/\/asey.gob.mx\/web\/wp-json\/wp\/v2\/pages\/5035\/revisions"}],"predecessor-version":[{"id":8182,"href":"https:\/\/asey.gob.mx\/web\/wp-json\/wp\/v2\/pages\/5035\/revisions\/8182"}],"wp:attachment":[{"href":"https:\/\/asey.gob.mx\/web\/wp-json\/wp\/v2\/media?parent=5035"}],"curies":[{"name":"wp","href":"https:\/\/api.w.org\/{rel}","templated":true}]}}