{"id":2693,"date":"2022-08-04T15:39:30","date_gmt":"2022-08-04T20:39:30","guid":{"rendered":"https:\/\/asey.gob.mx\/web\/?page_id=2693"},"modified":"2026-01-26T16:20:46","modified_gmt":"2026-01-26T22:20:46","slug":"archivos-2","status":"publish","type":"page","link":"https:\/\/asey.gob.mx\/web\/archivos-2\/","title":{"rendered":"Archivos"},"content":{"rendered":"\t\t<div data-elementor-type=\"wp-page\" data-elementor-id=\"2693\" class=\"elementor elementor-2693\">\n\t\t\t\t\t\t\t\t\t<section class=\"elementor-section elementor-top-section elementor-element elementor-element-432306a elementor-section-boxed elementor-section-height-default elementor-section-height-default\" data-id=\"432306a\" data-element_type=\"section\">\n\t\t\t\t\t\t<div class=\"elementor-container elementor-column-gap-default\">\n\t\t\t\t\t<div class=\"elementor-column elementor-col-100 elementor-top-column elementor-element elementor-element-90835bd\" data-id=\"90835bd\" data-element_type=\"column\">\n\t\t\t<div class=\"elementor-widget-wrap elementor-element-populated\">\n\t\t\t\t\t\t\t\t<div class=\"elementor-element elementor-element-9a047bc elementor-widget elementor-widget-text-editor\" data-id=\"9a047bc\" data-element_type=\"widget\" data-widget_type=\"text-editor.default\">\n\t\t\t\t<div class=\"elementor-widget-container\">\n\t\t\t\t\t\t\t\n<h2><strong>ARCHIVOS<\/strong><\/h2>\n\t\t\t\t\t\t<\/div>\n\t\t\t\t<\/div>\n\t\t\t\t\t<\/div>\n\t\t<\/div>\n\t\t\t\t\t\t\t<\/div>\n\t\t<\/section>\n\t\t\t\t<section class=\"elementor-section elementor-top-section elementor-element elementor-element-375bc6a elementor-section-boxed elementor-section-height-default elementor-section-height-default\" data-id=\"375bc6a\" data-element_type=\"section\">\n\t\t\t\t\t\t<div class=\"elementor-container elementor-column-gap-default\">\n\t\t\t\t\t<div class=\"elementor-column elementor-col-100 elementor-top-column elementor-element elementor-element-244c17a\" data-id=\"244c17a\" data-element_type=\"column\">\n\t\t\t<div class=\"elementor-widget-wrap elementor-element-populated\">\n\t\t\t\t\t\t\t\t<div class=\"elementor-element elementor-element-5b369fc elementor-widget elementor-widget-text-editor\" data-id=\"5b369fc\" data-element_type=\"widget\" data-widget_type=\"text-editor.default\">\n\t\t\t\t<div class=\"elementor-widget-container\">\n\t\t\t\t\t\t\t<p>\u00a0<\/p>\n\n<p><style type=\"text\/css\"> \n    #paneles_archivos .collapse.show {\n        padding: 0px;\n    }\n    .panel-group {                \n        border-radius: 3px;\n        box-shadow: 0 5px 30px 0 rgba(0, 0, 0, 0.04);\n        padding: 10px 0 0 10px;\n    }\n    #AC_N1_1 .panel {\n        border: medium none;\n        border-radius: 0;\n        box-shadow: none;\n        margin: 0 0 15px 10px;\n    }\n    #AC_N1_1 .panel-heading {\n        border-radius: 30px;\n        padding: 0;\n    }\n    #AC_N1_1 .panel-title a {\n        background: #ffc40c none repeat scroll 0 0;\n        border: 1px solid transparent;\n        border-radius: 5px;\n        color: #121212;\n        display: block;\n        font-size: 18px;\n        font-weight: 600;\n        padding: 12px 20px 12px 50px;\n        position: relative;\n        transition: all 0.3s ease 0s;\n        text-decoration: none;\n    }            \n    #AC_N1_1 .panel-title a.collapsed {\n        background: #242424 none repeat scroll 0 0;\n        border: 1px solid #ddd;\n        color: #FFFFFF;          \n    }\n            \n    \/* \u00c1rbol Rojo *\/\n    #AC_N2_1 .panel-title a,\n    #AC_N2_2 .panel-title a, \n    #AC_N2_3 .panel-title a,\n    #AC_N2_4 .panel-title a,\n    #AC_N2_5 .panel-title a {\n        background: #db2723 none repeat scroll 0 0; \n        color: #FFFFFF;\n    }\n    #AC_N2_1 .panel-title a.collapsed, \n    #AC_N2_2 .panel-title a.collapsed,\n    #AC_N2_3 .panel-title a.collapsed,\n    #AC_N2_4 .panel-title a.collapsed,\n    #AC_N2_5 .panel-title a.collapsed {\n        background: #4c4c4c none repeat scroll 0 0;                \n    }\n            \n    \/* \u00c1rbol Azul *\/\n    #AC_N3_1 .panel-title a,\n    #AC_N3_2 .panel-title a,\n    #AC_N3_3 .panel-title a,\n    #AC_N3_4 .panel-title a,\n    #AC_N3_5 .panel-title a,\n    #AC_N3_6 .panel-title a {\n        background: #256d7b none repeat scroll 0 0; \n        color: #FFFFFF;\n    }\n    #AC_N3_1 .panel-title a.collapsed,\n    #AC_N3_2 .panel-title a.collapsed,\n    #AC_N3_3 .panel-title a.collapsed,\n    #AC_N3_4 .panel-title a.collapsed,\n    #AC_N3_5 .panel-title a.collapsed,\n    #AC_N3_6 .panel-title a.collapsed {\n        background: #808080 none repeat scroll 0 0;                \n    }\n            \n    #AC_N1_1 .panel-title a::after, #AC_N1_1 .panel-title a.collapsed::after {\n        background: #ffb900 none repeat scroll 0 0;\n        border: 1px solid transparent;\n        border-radius: 5px;\n        box-shadow: 0 3px 10px rgba(0, 0, 0, 0.58);\n        color: #121212;\n        content: \"\uf107\";\n        font-family: fontawesome;\n        font-size: 25px;\n        height: 55px;\n        left: -20px;\n        line-height: 55px;\n        position: absolute;\n        text-align: center;\n        top: -5px;\n        transition: all 0.3s ease 0s;\n        width: 55px;\n    }\n    #AC_N1_1 .panel-title a.collapsed::after {\n        background: #fff none repeat scroll 0 0;\n        border: 1px solid #ddd;\n        box-shadow: none;\n        color: #333;\n        content: \"\uf105\";\n    }\n            \n    \/* Boton Desplegable Rojo *\/\n    #AC_N2_1 .panel-title a::after,\n    #AC_N2_2 .panel-title a::after,\n    #AC_N2_3 .panel-title a::after,\n    #AC_N2_4 .panel-title a::after,\n    #AC_N2_5 .panel-title a::after {\n        background: #db2723 none repeat scroll 0 0;               \n        color: #FFFFFF;               \n    }\n            \n    \/* Boton Desplegable Azul *\/\n    #AC_N3_1 .panel-title a::after, \n    #AC_N3_2 .panel-title a::after, \n    #AC_N3_3 .panel-title a::after, \n    #AC_N3_4 .panel-title a::after, \n    #AC_N3_5 .panel-title a::after, \n    #AC_N3_6 .panel-title a::after {\n        background: #256d7b none repeat scroll 0 0;               \n        color: #FFFFFF;               \n    }            \n            \n    #AC_N1_1 .panel-body {\n        background: transparent none repeat scroll 0 0;\n        border-top: medium none;\n        padding-right: 25px;\n        position: relative;\n    }\n    #AC_N1_1 .panel-body p {\n        border-left: 1px dashed #8c8c8c;\n        padding-left: 25px;\n    }\n    #AC_N1_1 .panel-body label {\n        text-align: right;\n        margin-right: 10px;\n    }\n<\/style> <script type=\"text\/javascript\">\n    (function($) {\n        'use strict';\n\n        jQuery(document).on('ready', function(){\n\n            $('a.page-scroll').on('click', function(e){\n                var anchor = $(this);\n                $('html, body').stop().animate({\n                    scrollTop: $(anchor.attr('href')).offset().top - 50\n                }, 1500);\n                e.preventDefault();\n            });     \n\n        }); \n\n    })(jQuery);\n\n    $(document).ready(function() { \n        $('[name=\"BuscadorLista\"]').on('keyup', function(e){            \n            var code = e.keyCode || e.which;\n            if (code == '9') return;\n            if (code == '27') $(this).val(null);\n            var $rows = $(this).closest('.listado_entes').find('.list-group li');\n            var val = $.trim($(this).val()).replace(\/ +\/g, ' ').toLowerCase();\n            $rows.show().filter(function () {\n                var text = $(this).text().replace(\/\\s+\/g, ' ').toLowerCase();\n                return !~text.indexOf(val);\n            }).hide();\n        });\n    });\n\n<\/script><\/p>\n<div id=\"paneles_archivos\">\n<div id=\"AC_N1_1\" class=\"panel-group\" role=\"tablist\" aria-multiselectable=\"true\">\n<div class=\"panel panel-default\">\n<div id=\"HE_N1_1\" class=\"panel-heading\" role=\"tab\">\n<h4 class=\"panel-title\"><a role=\"button\" href=\"#CO_N1_1\" data-toggle=\"collapse\" data-parent=\"#AC_N1_1\" aria-expanded=\"false\" aria-controls=\"CO_N1_1\"> I. Introducci\u00f3n <\/a><\/h4>\n<\/div>\n<div id=\"CO_N1_1\" class=\"panel-collapse collapse show\" role=\"tabpanel\" aria-labelledby=\"HE_N1_1\">\n<div class=\"panel-body\">\n<p style=\"text-align: justify; text-justify: inter-word;\">En la Auditoria Superior del Estado de Yucat\u00e1n (ASEY), se ha dise\u00f1ado un <i>Micrositio<\/i> en el que se pueden consultar los documentos normativos e institucionales, as\u00ed como los mecanismos implementados como buenas pr\u00e1cticas para el cumplimiento de la Ley General de Archivos.<br \/>En ese sentido, la expectativa es que los sujetos obligados consideren como referencia, las actividades que en materia de archivos se han llevado a cabo en la ASEY, y que los ciudadanos conozcan el tipo de informaci\u00f3n que obra en sus archivos.<\/p>\n<\/div>\n<\/div>\n<\/div>\n<div class=\"panel panel-default\">\n<div id=\"HE_N1_2\" class=\"panel-heading\" role=\"tab\">\n<h4 class=\"panel-title\"><a class=\"collapsed\" role=\"button\" href=\"#CO_N1_2\" data-toggle=\"collapse\" data-parent=\"#AC_N1_1\" aria-expanded=\"false\" aria-controls=\"CO_N1_2\"> II. Objetivo <\/a><\/h4>\n<\/div>\n<div id=\"CO_N1_2\" class=\"panel-collapse collapse\" role=\"tabpanel\" aria-labelledby=\"HE_N1_2\">\n<div class=\"panel-body\">\n<p style=\"text-align: justify; text-justify: inter-word;\">Contar con un mecanismo de consulta para el cumplimento de obligaciones en materia de archivos, a trav\u00e9s de un <i>Micrositio<\/i>, para que los sujetos obligados y los ciudadanos puedan consultar las disposiciones vigentes e institucionales en materia de archivos e implementar buenas pr\u00e1cticas.<\/p>\n<\/div>\n<\/div>\n<\/div>\n<div class=\"panel panel-default\">\n<div id=\"HE_N1_3\" class=\"panel-heading\" role=\"tab\">\n<h4 class=\"panel-title\"><a class=\"collapsed\" role=\"button\" href=\"#CO_N1_3\" data-toggle=\"collapse\" data-parent=\"#AC_N1_1\" aria-expanded=\"false\" aria-controls=\"CO_N1_3\"> III. Marco normativo <\/a><\/h4>\n<\/div>\n<div id=\"CO_N1_3\" class=\"panel-collapse collapse\" role=\"tabpanel\" aria-labelledby=\"HE_N1_3\">\n<div class=\"panel-body\">\n<p style=\"text-align: justify; text-justify: inter-word;\">El micrositio, encuentra su fundamento en el art\u00edculo 70, fracci\u00f3n XLV de la Ley General de Transparencia y Acceso a la Informaci\u00f3n P\u00fablica, en el art\u00edculo 13 fracci\u00f3n II y 14 de la Ley General de Archivos.<br \/>Por su parte, los art\u00edculos 52 y 72 de la Ley de Transparencia y Acceso a la Informaci\u00f3n P\u00fablica del Estado de Yucat\u00e1n.<\/p>\n<\/div>\n<\/div>\n<\/div>\n<div class=\"panel panel-default\">\n<div id=\"HE_N1_4\" class=\"panel-heading\" role=\"tab\">\n<h4 class=\"panel-title\"><a class=\"collapsed\" role=\"button\" href=\"#CO_N1_4\" data-toggle=\"collapse\" data-parent=\"#AC_N1_1\" aria-expanded=\"false\" aria-controls=\"CO_N1_4\"> IV. De las obligaciones de transparencia comunes, en materia de archivos <\/a><\/h4>\n<\/div>\n<div id=\"CO_N1_4\" class=\"panel-collapse collapse\" role=\"tabpanel\" aria-labelledby=\"HE_N1_4\">\n<div class=\"panel-body\">\n<p style=\"text-align: justify; text-justify: inter-word;\">La Ley General se\u00f1ala que los sujetos obligados pondr\u00e1n a disposici\u00f3n del p\u00fablico y mantendr\u00e1n actualizada, en los respectivos medios electr\u00f3nicos de acuerdo con sus facultades, atribuciones, funciones u objeto social, seg\u00fan corresponda, la informaci\u00f3n, por lo menos de los temas, documentos y pol\u00edticas entre las que destacan algunos de los instrumentos de control y consulta a los que se refiere el art\u00edculo 13 fracci\u00f3n II y 14 de la Ley General de Archivos que son:<br \/><br \/><label style=\"width: 40px;\">\u2022<\/label> El Cat\u00e1logo de disposici\u00f3n, y <br \/><label style=\"width: 40px;\">\u2022<\/label> La gu\u00eda de archivos documental. <br \/><br \/>Por su parte, los art\u00edculos 52 y 72 de la Ley de Transparencia y Acceso a la Informaci\u00f3n P\u00fablica del Estado de Yucat\u00e1n, se\u00f1alan que: <br \/><br \/>Los sujetos obligados deber\u00e1n documentar todo acto que derive del ejercicio de sus facultades, competencias o funciones. De igual forma prev\u00e9 que se presumir\u00e1 la existencia de la informaci\u00f3n cuando se refiera a las facultades, competencias y funciones que los ordenamientos jur\u00eddicos aplicables otorgan a los sujetos obligados. <br \/><br \/>As\u00ed mismo, el art\u00edculo 72 establece como informaci\u00f3n obligatoria, la informaci\u00f3n com\u00fan citada en el art\u00edculo 70 de la Ley General en la materia, entre la cual est\u00e1n los instrumentos de consulta mencionados.<\/p>\n<\/div>\n<\/div>\n<\/div>\n<div class=\"panel panel-default\">\n<div id=\"HE_N1_5\" class=\"panel-heading\" role=\"tab\">\n<h4 class=\"panel-title\"><a class=\"collapsed\" role=\"button\" href=\"#CO_N1_5\" data-toggle=\"collapse\" data-parent=\"#AC_N1_1\" aria-expanded=\"false\" aria-controls=\"CO_N1_5\"> V. Marco normativo Institucional <\/a><\/h4>\n<\/div>\n<div id=\"CO_N1_5\" class=\"panel-collapse collapse\" role=\"tabpanel\" aria-labelledby=\"HE_N1_5\">\n<div class=\"panel-body\">\n<p><label>\u2022<\/label>Instrumentos de control y de consulta archiv\u00edstica:<\/p>\n<p><label style=\"width: 40px;\">\u00bb<\/label> 2026<br \/><label style=\"width: 70px;\">I.<\/label> <a href=\"https:\/\/asey.gob.mx\/web\/Archivos\/2025\/Programa_Anual_de_Desarrollo_Archivistico_2026_final.pdf\" target=\"_blank\" rel=\"noopener noreferrer\"> Programa Anual de Desarrollo Archiv\u00edstico 2026<\/a> <br \/><label style=\"width: 70px;\">II.<\/label> <a href=\"https:\/\/asey.gob.mx\/web\/Archivos\/2025\/INFORME_DEL_PROGRAMA_ANUAL_2025(PADA).pdf\" target=\"_blank\" rel=\"noopener noreferrer\"> Informe del Programa Anual de Desarrollo Archiv\u00edstico 2025<\/a><\/p>\n<p><label style=\"width: 40px;\">\u00bb<\/label> 2025<br \/><label style=\"width: 70px;\">I.<\/label> <a href=\"https:\/\/asey.gob.mx\/web\/Archivos\/2025\/PADA_ASEY_2025.pdf\" target=\"_blank\" rel=\"noopener noreferrer\"> Programa Anual de Desarrollo Archiv\u00edstico 2025<\/a> <br \/><label style=\"width: 70px;\">II.<\/label> <a href=\"https:\/\/asey.gob.mx\/web\/Archivos\/2025\/INFORME_PADA_ASEY_2024.pdf\" target=\"_blank\" rel=\"noopener noreferrer\"> Informe del Programa Anual de Desarrollo Archiv\u00edstico 2024<\/a> <br \/><label style=\"width: 70px;\">III.<\/label> <a href=\"https:\/\/asey.gob.mx\/web\/Archivos\/2025\/CATALOGO_DOCUMENTAL_ASEY_2025.pdf\" target=\"_blank\" rel=\"noopener noreferrer\"> Catalogo de Disposici\u00f3n Documental.<\/a> <br \/><label style=\"width: 70px;\">IV.<\/label> <a href=\"https:\/\/asey.gob.mx\/Archivos\/2024\/IV_CUADRO_GENERAL_CLASIFICACION_ARCHIVISTICA.pdf\" target=\"_blank\" rel=\"noopener noreferrer\"> Cuadro General de Clasificaci\u00f3n Archiv\u00edstica<\/a> <br \/><label style=\"width: 70px;\">V.<\/label> <a href=\"https:\/\/asey.gob.mx\/Archivos\/2024\/V_GUIA_DE_ARCHIVO.pdf\" target=\"_blank\" rel=\"noopener noreferrer\"> Gu\u00eda Documental de Archivos<\/a><br \/><label style=\"width: 40px;\">\u00bb<\/label> 2024 <br \/><label style=\"width: 70px;\">I.<\/label> <a href=\"https:\/\/asey.gob.mx\/Archivos\/2024\/PADA_ASEY_2024.pdf\" target=\"_blank\" rel=\"noopener noreferrer\"> Programa Anual de Desarrollo Archiv\u00edstico 2024<\/a> <br \/><label style=\"width: 70px;\">II.<\/label> <a href=\"https:\/\/asey.gob.mx\/Archivos\/2024\/INF_GRAL_SISTEMA_INSTITUC_ARCHIVOS_ASEY_ENE-DIC_2023.pdf\" target=\"_blank\" rel=\"noopener noreferrer\"> Informe del Programa Anual de Desarrollo Archiv\u00edstico 2023<\/a> <br \/><label style=\"width: 70px;\">III.<\/label> <a href=\"https:\/\/asey.gob.mx\/Archivos\/2024\/III_CATALAGO_DE_DISPOSICION_DOCUMENTAL_ASEY.pdf\" target=\"_blank\" rel=\"noopener noreferrer\"> Catalogo de Disposici\u00f3n Documental.<\/a> <br \/><label style=\"width: 70px;\">IV.<\/label> <a href=\"https:\/\/asey.gob.mx\/Archivos\/2024\/IV_CUADRO_GENERAL_CLASIFICACION_ARCHIVISTICA.pdf\" target=\"_blank\" rel=\"noopener noreferrer\"> Cuadro General de Clasificaci\u00f3n Archiv\u00edstica<\/a> <br \/><label style=\"width: 70px;\">V.<\/label> <a href=\"https:\/\/asey.gob.mx\/Archivos\/2024\/V_GUIA_DE_ARCHIVO.pdf\" target=\"_blank\" rel=\"noopener noreferrer\"> Gu\u00eda Documental de Archivos <\/a> <br \/><label style=\"width: 40px;\">\u00bb<\/label> 2023<br \/><label style=\"width: 70px;\">I.<\/label> <a href=\"https:\/\/asey.gob.mx\/Archivos\/2023\/PADA_ASEY_2023.pdf\" target=\"_blank\" rel=\"noopener noreferrer\"> Programa Anual de Desarrollo Archiv\u00edstico 2023<\/a><br \/><label style=\"width: 70px;\">II.<\/label> <a href=\"https:\/\/asey.gob.mx\/Archivos\/2023\/INFO_GRAL_SISTEMA_INSTIT_ARCHIVOS_ASEY ENE-DIC 2022.pdf\" target=\"_blank\" rel=\"noopener noreferrer\"> Informe del Programa Anual de Desarrollo Archiv\u00edstico 2022<\/a><br \/><label style=\"width: 40px;\">\u00bb<\/label> 2022<br \/><label style=\"width: 70px;\">I.<\/label> <a href=\"https:\/\/asey.gob.mx\/Archivos\/2022\/PADA_ASEY_2022.pdf\" target=\"_blank\" rel=\"noopener noreferrer\"> Programa Anual de Desarrollo Archiv\u00edstico 2022<\/a><br \/><label style=\"width: 70px;\">II.<\/label> <a href=\"https:\/\/asey.gob.mx\/Archivos\/2022\/CUADRO_DISPOSICION_DOCUMENTAL_ASEY.pdf\" target=\"_blank\" rel=\"noopener noreferrer\"> Cat\u00e1logo de Disposici\u00f3n Documental 2022.<\/a><br \/><label style=\"width: 70px;\">III.<\/label> <a href=\"https:\/\/asey.gob.mx\/Archivos\/2022\/CUADRO_GENERAL_CLASIFICACION_ARCHIVISTICA_2022.pdf\" target=\"_blank\" rel=\"noopener noreferrer\"> Cuadro General de Clasificaci\u00f3n Archiv\u00edstica 2022.<\/a><br \/><label style=\"width: 70px;\">IV.<\/label> <a href=\"https:\/\/asey.gob.mx\/Archivos\/2022\/INFORME_GENERAL_ENE_DIC_2021.pdf\" target=\"_blank\" rel=\"noopener noreferrer\"> Informe del Programa Anual de Desarrollo Archiv\u00edstico 2021<\/a><br \/><label style=\"width: 40px;\">\u00bb<\/label> 2021<br \/><label style=\"width: 70px;\">I.<\/label> <a href=\"https:\/\/asey.gob.mx\/Archivos\/2021\/PADA_ASEY_2021.pdf\" target=\"_blank\" rel=\"noopener noreferrer\"> Programa Anual de Desarrollo Archiv\u00edstico 2021<\/a><br \/><label style=\"width: 70px;\">II.<\/label> <a href=\"https:\/\/asey.gob.mx\/Archivos\/2021\/CADIDO_ASEY2021.pdf\" target=\"_blank\" rel=\"noopener noreferrer\"> Cat\u00e1logo de Disposici\u00f3n Documental 2021.<\/a><br \/><label style=\"width: 70px;\">III.<\/label> <a href=\"https:\/\/asey.gob.mx\/Archivos\/2021\/CGCA_ASEY2021.pdf\" target=\"_blank\" rel=\"noopener noreferrer\"> Cuadro General de Clasificaci\u00f3n Archiv\u00edstica 2021.<\/a><br \/><label style=\"width: 70px;\">IV.<\/label> <a href=\"https:\/\/asey.gob.mx\/Archivos\/2021\/GUIA_DE_ARCHIVO2021.pdf\" target=\"_blank\" rel=\"noopener noreferrer\"> Gu\u00eda de Archivo Documental.<\/a><br \/><label>\u2022<\/label>Disposiciones normativas Institucionales<br \/><label style=\"width: 40px;\">\u00bb<\/label> 2024<\/p>\n<ul class=\"list-group lista-links\">\n<li class=\"list-group-item\"><a href=\"https:\/\/www.asey.gob.mx\/web\/Archivos\/2024\/CRITERIOS_DE_BAJA_DOCUMENTAL.pdf\" target=\"_blank\" rel=\"noopener noreferrer\">Criterios que emite el \u00c1rea Coordinadora de Archivos de la Auditor\u00eda Superior del Estado de Yucat\u00e1n, para el procedimiento de Baja Documental y la Eliminaci\u00f3n de la Documentaci\u00f3n Siniestrada, que por sus condiciones representa un riesgo sanitario, as\u00ed como de la Documentaci\u00f3n de Apoyo Administrativo que carece de Valores Documentales.<\/a><\/li>\n<\/ul>\n<ul class=\"list-group lista-links\">\n<li class=\"list-group-item\"><a href=\"https:\/\/www.asey.gob.mx\/web\/Archivos\/2024\/REGLAS-OPERACION-DEL-GRUPO-INTERDISCIPLINARIO-DE-ARCHIVO.pdf\" target=\"_blank\" rel=\"noopener noreferrer\">Reglas de Operaci\u00f3n del Grupo Interdisciplinario de Archivos<\/a><\/li>\n<\/ul>\n<\/div>\n<\/div>\n<\/div>\n<div class=\"panel panel-default\">\n<div id=\"HE_N1_6\" class=\"panel-heading\" role=\"tab\">\n<h4 class=\"panel-title\"><a class=\"collapsed\" role=\"button\" href=\"#CO_N1_6\" data-toggle=\"collapse\" data-parent=\"#AC_N1_1\" aria-expanded=\"false\" aria-controls=\"CO_N1_6\"> VI. Grupo Interdisciplinario de la ASEY <\/a><\/h4>\n<\/div>\n<div id=\"CO_N1_6\" class=\"panel-collapse collapse\" role=\"tabpanel\" aria-labelledby=\"HE_N1_6\">\n<div class=\"panel-body\">\n<p><label>\u2022<\/label>Actas de Sesi\u00f3n del Grupo Interdisciplinario<\/p>\n<label style=\"width: 40px;\">\u00bb<\/label> 2025 <br \/>\n<ul class=\"list-group lista-links\">\n<li class=\"list-group-item\"><label style=\"width: 70px;\"><\/label><a href=\"https:\/\/asey.gob.mx\/web\/Archivos\/2025\/Acta_Sesion1_Archivos.pdf\" target=\"_blank\" rel=\"noopener noreferrer\">Acta de la 1\u00aa Sesi\u00f3n Ordinaria, 22 de Enero<\/a><\/li>\n<li class=\"list-group-item\"><label style=\"width: 70px;\"><\/label><a href=\"https:\/\/asey.gob.mx\/web\/Archivos\/2025\/Anexos_Sesion1_Archivos.pdf\" target=\"_blank\" rel=\"noopener noreferrer\">Anexos de la 1\u00aa Sesi\u00f3n Ordinaria, 22 de Enero<\/a><\/li>\n<li class=\"list-group-item\"><label style=\"width: 70px;\"><\/label><a href=\"https:\/\/asey.gob.mx\/web\/Archivos\/2025\/Acta_Sesion2_Archivos.pdf\" target=\"_blank\" rel=\"noopener noreferrer\"> Acta de la 2\u00aa Sesi\u00f3n Ordinaria, 27 de Marzo<\/a><\/li>\n<li class=\"list-group-item\"><label style=\"width: 70px;\"><\/label><a href=\"https:\/\/asey.gob.mx\/web\/Archivos\/2025\/Anexos_Sesion2_Archivos.pdf\" target=\"_blank\" rel=\"noopener noreferrer\">Anexos de la 2\u00aa Sesi\u00f3n Ordinaria, 27 de Marzo<\/a><\/li>\n<\/ul>\n<label style=\"width: 40px;\">\u00bb<\/label> 2024 <br \/>\n<ul class=\"list-group lista-links\">\n<li class=\"list-group-item\"><label style=\"width: 70px;\"><\/label><a href=\"https:\/\/www.asey.gob.mx\/web\/Archivos\/2024\/MINUTA_DE_ACUERDOS_04_DE_MARZO.pdf\" target=\"_blank\" rel=\"noopener noreferrer\">Minuta de Acuerdo 04 de Marzo<\/a><\/li>\n<li class=\"list-group-item\"><label style=\"width: 70px;\"><\/label><a href=\"https:\/\/www.asey.gob.mx\/web\/Archivos\/2024\/1a_SESI\u00d3N_ORDINARIA_08_DE_MARZO.pdf\" target=\"_blank\" rel=\"noopener noreferrer\">1\u00aa Sesi\u00f3n Ordinaria, 08 de Marzo<\/a><\/li>\n<li class=\"list-group-item\"><label style=\"width: 70px;\"><\/label><a href=\"https:\/\/www.asey.gob.mx\/web\/Archivos\/2024\/1a_SESI\u00d3N_EXTRAORDINARIA_13_DE_MARZO.pdf\" target=\"_blank\" rel=\"noopener noreferrer\">1\u00aa Sesi\u00f3n Extraordinaria, 13 de Marzo<\/a><\/li>\n<li class=\"list-group-item\"><label style=\"width: 70px;\"><\/label><a href=\"https:\/\/www.asey.gob.mx\/web\/Archivos\/2024\/2a_SESI\u00d3N_EXTRAORDINARIA_21_DE_MARZO.pdf\" target=\"_blank\" rel=\"noopener noreferrer\">2\u00aa Sesi\u00f3n Extraordinaria, 21 de Marzo<\/a><\/li>\n<li class=\"list-group-item\"><label style=\"width: 70px;\"><\/label><a href=\"https:\/\/www.asey.gob.mx\/web\/Archivos\/2024\/2a_SESI\u00d3N_ORDINARIA_05_DE_ABRIL.pdf\" target=\"_blank\" rel=\"noopener noreferrer\">2\u00aa Sesi\u00f3n Ordinaria, 05 de Abril<\/a><\/li>\n<li class=\"list-group-item\"><label style=\"width: 70px;\"><\/label><a href=\"https:\/\/www.asey.gob.mx\/web\/Archivos\/2024\/3a_SESI\u00d3N_ORDINARIA_09_DE_SEPTIEMBRE.pdf\" target=\"_blank\" rel=\"noopener noreferrer\">3\u00aa Sesi\u00f3n Ordinaria, 09 de Septiembre<\/a><\/li>\n<li class=\"list-group-item\"><label style=\"width: 70px;\"><\/label><a href=\"https:\/\/www.asey.gob.mx\/web\/Archivos\/2024\/3a_SESI\u00d3N_EXTRAORDINARIA_26_DE_NOVIEMBRE.pdf\" target=\"_blank\" rel=\"noopener noreferrer\">3\u00aa Sesi\u00f3n Extraordinaria, 26 de Noviembre<\/a><\/li>\n<li class=\"list-group-item\"><label>\u2022<\/label><a href=\"https:\/\/www.asey.gob.mx\/web\/Archivos\/2024\/ACTA_ADMINISTRATIVA_DE_LA_BAJA_DE_DOCUMENTACI\u00d3N_SINIESTRADA.pdf\" target=\"_blank\" rel=\"noopener noreferrer\">Acta Administrativa de la Baja de Documentaci\u00f3n Siniestradas<\/a><\/li>\n<li class=\"list-group-item\"><label>\u2022<\/label><a href=\"https:\/\/www.asey.gob.mx\/web\/Archivos\/2024\/ACTA_ADMINISTRATIVA_DE_LA_BAJA_DE_DOCUMENTACI\u00d3N_VIGENCIA_DOCUMENTAL_VENCIDA.pdf\" target=\"_blank\" rel=\"noopener noreferrer\">Acta Administrativa de la Baja de Documentaci\u00f3n con Vigencia Documental Vencida<\/a><\/li>\n<li class=\"list-group-item\"><label>\u2022<\/label><a href=\"https:\/\/www.asey.gob.mx\/web\/Archivos\/2024\/ACTA_ADMINISTRATIVA_DE_LA_BAJA_DE_DOCUMENTACI\u00d3N_APOYO_ADMINISTRATIVO.pdf\" target=\"_blank\" rel=\"noopener noreferrer\">Acta Administrativa de la Baja de Documentaci\u00f3n de Apoyo Administrativo<\/a><\/li>\n<\/ul>\n<\/div>\n<\/div>\n<\/div>\n<\/div>\n<\/div>\n\n<p>\u00a0<\/p>\n\t\t\t\t\t\t<\/div>\n\t\t\t\t<\/div>\n\t\t\t\t\t<\/div>\n\t\t<\/div>\n\t\t\t\t\t\t\t<\/div>\n\t\t<\/section>\n\t\t\t\t\t\t\t<\/div>\n\t\t","protected":false},"excerpt":{"rendered":"<p>ARCHIVOS \u00a0 I. Introducci\u00f3n En la Auditoria Superior del Estado de Yucat\u00e1n (ASEY), se ha dise\u00f1ado un Micrositio en el que se pueden consultar los documentos normativos e institucionales, as\u00ed como los mecanismos implementados como buenas pr\u00e1cticas para el cumplimiento de la Ley General de Archivos.En ese sentido, la expectativa es que los sujetos obligados [&hellip;]<\/p>\n","protected":false},"author":3,"featured_media":0,"parent":0,"menu_order":0,"comment_status":"closed","ping_status":"closed","template":"","meta":[],"_links":{"self":[{"href":"https:\/\/asey.gob.mx\/web\/wp-json\/wp\/v2\/pages\/2693"}],"collection":[{"href":"https:\/\/asey.gob.mx\/web\/wp-json\/wp\/v2\/pages"}],"about":[{"href":"https:\/\/asey.gob.mx\/web\/wp-json\/wp\/v2\/types\/page"}],"author":[{"embeddable":true,"href":"https:\/\/asey.gob.mx\/web\/wp-json\/wp\/v2\/users\/3"}],"replies":[{"embeddable":true,"href":"https:\/\/asey.gob.mx\/web\/wp-json\/wp\/v2\/comments?post=2693"}],"version-history":[{"count":93,"href":"https:\/\/asey.gob.mx\/web\/wp-json\/wp\/v2\/pages\/2693\/revisions"}],"predecessor-version":[{"id":8175,"href":"https:\/\/asey.gob.mx\/web\/wp-json\/wp\/v2\/pages\/2693\/revisions\/8175"}],"wp:attachment":[{"href":"https:\/\/asey.gob.mx\/web\/wp-json\/wp\/v2\/media?parent=2693"}],"curies":[{"name":"wp","href":"https:\/\/api.w.org\/{rel}","templated":true}]}}