{"id":1848,"date":"2021-03-11T17:12:58","date_gmt":"2021-03-11T23:12:58","guid":{"rendered":"https:\/\/asey.gob.mx\/web\/?page_id=1848"},"modified":"2025-08-29T16:51:33","modified_gmt":"2025-08-29T22:51:33","slug":"quienes-somos-2","status":"publish","type":"page","link":"https:\/\/asey.gob.mx\/web\/quienes-somos-2\/","title":{"rendered":"Valores"},"content":{"rendered":"\t\t<div data-elementor-type=\"wp-page\" data-elementor-id=\"1848\" class=\"elementor elementor-1848\">\n\t\t\t\t\t\t\t\t\t<section class=\"elementor-section elementor-top-section elementor-element elementor-element-9526766 elementor-section-boxed elementor-section-height-default elementor-section-height-default\" data-id=\"9526766\" data-element_type=\"section\">\n\t\t\t\t\t\t<div class=\"elementor-container elementor-column-gap-default\">\n\t\t\t\t\t<div class=\"elementor-column elementor-col-100 elementor-top-column elementor-element elementor-element-e3829e8\" data-id=\"e3829e8\" data-element_type=\"column\">\n\t\t\t<div class=\"elementor-widget-wrap elementor-element-populated\">\n\t\t\t\t\t\t\t\t<div class=\"elementor-element elementor-element-f239d2e elementor-widget elementor-widget-text-editor\" data-id=\"f239d2e\" data-element_type=\"widget\" data-widget_type=\"text-editor.default\">\n\t\t\t\t<div class=\"elementor-widget-container\">\n\t\t\t\t\t\t\t\n<h2><strong>VALORES INSTITUCIONALES<\/strong><\/h2>\n\t\t\t\t\t\t<\/div>\n\t\t\t\t<\/div>\n\t\t\t\t\t<\/div>\n\t\t<\/div>\n\t\t\t\t\t\t\t<\/div>\n\t\t<\/section>\n\t\t\t\t<section class=\"elementor-section elementor-top-section elementor-element elementor-element-4c1b7a3 elementor-section-boxed elementor-section-height-default elementor-section-height-default\" data-id=\"4c1b7a3\" data-element_type=\"section\">\n\t\t\t\t\t\t<div class=\"elementor-container elementor-column-gap-default\">\n\t\t\t\t\t<div class=\"elementor-column elementor-col-100 elementor-top-column elementor-element elementor-element-b5976a1\" data-id=\"b5976a1\" data-element_type=\"column\">\n\t\t\t<div class=\"elementor-widget-wrap elementor-element-populated\">\n\t\t\t\t\t\t\t\t<div class=\"elementor-element elementor-element-3a2110b elementor-widget elementor-widget-html\" data-id=\"3a2110b\" data-element_type=\"widget\" data-widget_type=\"html.default\">\n\t\t\t\t<div class=\"elementor-widget-container\">\n\t\t\t<!DOCTYPE html>\r\n<html lang=\"es\">\r\n<head>\r\n    <meta charset=\"UTF-8\">\r\n    <meta name=\"viewport\" content=\"width=device-width, initial-scale=1.0\">\r\n    <title>Principios de Servicio P\u00fablico<\/title>\r\n\r\n    <style>\r\n        .tabs-container {\r\n            display: flex;\r\n            flex-wrap: wrap;\r\n            background: #0000;\r\n            border-bottom: 1px solid #eaeaea;\r\n        }\r\n        \r\n        .tab-button {\r\n            padding: 1px 8px;\r\n            background: #f8f9fa !important; \/* Gris claro *\/\r\n            border: 1px solid #d0d0d0; \/* Borde gris *\/\r\n            border-radius: 5px 5px 0 0; \/* Bordes redondeados solo en la parte superior *\/\r\n            margin-right: 3px;\r\n            cursor: pointer;\r\n            font-size: 12px;\r\n            color: #000000;\r\n            transition: all 0.3s ease;\r\n            display: flex;\r\n            align-items: center;\r\n            gap: 5px;\r\n        }\r\n        \r\n        .tab-button:hover {\r\n            background: #d9d9d9 !important; \/* Gris un poco m\u00e1s oscuro al pasar el mouse *\/\r\n            color: #000000;\r\n        }\r\n        \r\n        .tab-button.active {\r\n            background: #f8f9fa !important;\r\n            color: #d92b2a;\r\n            border-bottom: 3px solid #d92b2a !important;\r\n            font-weight: 400;\r\n        }\r\n        \r\n        .tab-content {\r\n            display: none;\r\n            padding: 12px 15px 35px 15px;\r\n            animation: fadeIn 0.5s ease;\r\n            border: 1px solid #d0d0d0;\r\n            background: #f8f9fa;\r\n            border-radius: 0px 0px 12px 12px;\r\n        }\r\n        \r\n        .tab-content.active {\r\n            display: block;\r\n        }\r\n        \r\n        .principio-header {\r\n            display: flex;\r\n            gap: 15px;\r\n        }\r\n        \r\n        .principio-icon {\r\n            width: 30px;\r\n            height: 30px;\r\n            display: flex;\r\n            align-items: center;\r\n            justify-content: center;\r\n            border-radius: 50%;\r\n            color: white;\r\n            font-size: 20px;\r\n            flex-shrink: 0;\r\n        }\r\n        \r\n        .principio-title {\r\n            font-size: 20px !important;\r\n            color: #575656;\r\n            font-weight: 800;\r\n            margin: 10;\r\n        }\r\n        \r\n        .principio-text {\r\n            margin-bottom: 10px;\r\n            line-height: 1.5;\r\n        }\r\n        \r\n        .derechos-lista {\r\n            padding-left: 20px;\r\n            margin-top: 15px;\r\n            text-align: justify;\r\n            text-justify: inter-word;\r\n        }\r\n        \r\n        .derechos-lista li {\r\n            margin-bottom: 10px;\r\n            position: relative;\r\n        }\r\n        \r\n        .derechos-lista li:before {\r\n            content: \"\u2022\";\r\n            color: #4a6580;\r\n            font-weight: bold;\r\n            display: inline-block;\r\n            width: 1em;\r\n            margin-left: -1em;\r\n        }\r\n        \r\n        @keyframes fadeIn {\r\n            from { opacity: 0; transform: translateY(10px); }\r\n            to { opacity: 1; transform: translateY(0); }\r\n        }\r\n        \r\n        @media (max-width: 768px) {\r\n            .tabs-container {\r\n                flex-direction: column;\r\n            }\r\n        }\r\n    <\/style>\r\n<\/head>\r\n<body>\r\n\r\n    <div class=\"container\">\r\n       \r\n        <div class=\"tabs-container\">\r\n            <button class=\"tab-button active\" onclick=\"openTab('cooperacion')\">\r\n                <i class=\"fas fa-handshake\"><\/i> Cooperaci\u00f3n\r\n            <\/button>\r\n            <button class=\"tab-button\" onclick=\"openTab('interes-publico')\">\r\n                <i class=\"fas fa-users\"><\/i> Inter\u00e9s P\u00fablico\r\n            <\/button>\r\n            <button class=\"tab-button\" onclick=\"openTab('equidad-genero')\">\r\n                <i class=\"fas fa-venus-mars\"><\/i> Equidad de G\u00e9nero\r\n            <\/button>\r\n            <button class=\"tab-button\" onclick=\"openTab('igualdad')\">\r\n                <i class=\"fas fa-equals\"><\/i> Igualdad\r\n            <\/button>\r\n            <button class=\"tab-button\" onclick=\"openTab('liderazgo')\">\r\n                <i class=\"fas fa-flag\"><\/i> Liderazgo\r\n            <\/button>\r\n            <button class=\"tab-button\" onclick=\"openTab('respeto')\">\r\n                <i class=\"fas fa-heart\"><\/i> Respeto\r\n            <\/button>\r\n            <button class=\"tab-button\" onclick=\"openTab('derechos-humanos')\">\r\n                <i class=\"fas fa-globe-americas\"><\/i> Derechos Humanos\r\n            <\/button>\r\n        <\/div>\r\n        \r\n        \r\n        <div id=\"cooperacion\" class=\"tab-content active\">\r\n            <div class=\"principio-header\">\r\n                <div class=\"principio-icon\" style=\"background-color: #57427c;\">\r\n                    <i class=\"fas fa-handshake\"><\/i>\r\n                <\/div>\r\n                <h2 class=\"principio-title\"><strong>Cooperaci\u00f3n<\/strong><\/h2>\r\n            <\/div>\r\n            <p class=\"principio-text\">Las personas servidoras p\u00fablicas colaborar\u00e1n entre s\u00ed y propiciar\u00e1n el trabajo en equipo para alcanzar los objetivos comunes previstos en los planes y programas gubernamentales, generando as\u00ed una plena vocaci\u00f3n de servicio p\u00fablico en beneficio de la colectividad y confianza de la ciudadan\u00eda en sus instituciones.<\/p>\r\n        <\/div>\r\n        \r\n        \r\n        <div id=\"interes-publico\" class=\"tab-content\">\r\n            <div class=\"principio-header\">\r\n                <div class=\"principio-icon\" style=\"background-color: #c05c1b;\">\r\n                    <i class=\"fas fa-users\"><\/i>\r\n                <\/div>\r\n                <h2 class=\"principio-title\"><strong>Inter\u00e9s P\u00fablico<\/strong><\/h2>\r\n            <\/div>\r\n            <p class=\"principio-text\">Las personas servidoras p\u00fablicas actuar\u00e1n buscando en todo momento la m\u00e1xima atenci\u00f3n de las necesidades y demandas de la sociedad por encima de intereses y beneficios particulares, ajenos a la satisfacci\u00f3n colectiva.<\/p>\r\n        <\/div>\r\n        \r\n        \r\n        <div id=\"equidad-genero\" class=\"tab-content\">\r\n            <div class=\"principio-header\">\r\n                <div class=\"principio-icon\" style=\"background-color: #59823e;\">\r\n                    <i class=\"fas fa-venus-mars\"><\/i>\r\n                <\/div>\r\n                <h2 class=\"principio-title\"><strong>Equidad de g\u00e9nero<\/strong><\/h2>\r\n            <\/div>\r\n            <p class=\"principio-text\">Las personas servidoras p\u00fablicas, en el \u00e1mbito de sus competencias y atribuciones, garantizar\u00e1n que tanto mujeres como hombres accedan con las mismas condiciones, posibilidades y oportunidades a los bienes y servicios p\u00fablicos; a los programas y beneficios institucionales, y a los empleos, cargos y comisiones gubernamentales.<\/p>\r\n        <\/div>\r\n        \r\n        \r\n        <div id=\"igualdad\" class=\"tab-content\">\r\n            <div class=\"principio-header\">\r\n                <div class=\"principio-icon\" style=\"background-color: #00689d;\">\r\n                    <i class=\"fas fa-equals\"><\/i>\r\n                <\/div>\r\n                <h2 class=\"principio-title\"><strong>Igualdad y no discriminaci\u00f3n<\/strong><\/h2>\r\n            <\/div>\r\n            <p class=\"principio-text\">Las personas servidoras p\u00fablicas prestar\u00e1n sus servicios a todas las personas sin distinci\u00f3n, exclusi\u00f3n, restricci\u00f3n, o preferencia basada en el origen \u00e9tnico o nacional, el color de piel, la cultura, el sexo, el g\u00e9nero, la edad, las discapacidades, la condici\u00f3n social, econ\u00f3mica, de salud o jur\u00eddica, la religi\u00f3n, la apariencia f\u00edsica, las caracter\u00edsticas gen\u00e9ticas, la situaci\u00f3n migratoria, el embarazo, la lengua, las opiniones, las preferencias sexuales, la identidad o filiaci\u00f3n pol\u00edtica, el estado civil, la situaci\u00f3n familiar, las responsabilidades familiares, el idioma, los antecedentes penales o en cualquier otro motivo.<\/p>\r\n        <\/div>\r\n        \r\n        \r\n        <div id=\"liderazgo\" class=\"tab-content\">\r\n            <div class=\"principio-header\">\r\n                <div class=\"principio-icon\" style=\"background-color: #801010;\">\r\n                    <i class=\"fas fa-flag\"><\/i>\r\n                <\/div>\r\n                <h2 class=\"principio-title\"><strong>Liderazgo<\/strong><\/h2>\r\n            <\/div>\r\n            <p class=\"principio-text\">Las personas servidoras p\u00fablicas ser\u00e1n gu\u00eda, ejemplo y promotoras del presente c\u00f3digo; fomentar\u00e1n y aplicar\u00e1n en el desempe\u00f1o de sus funciones los principios que la Constituci\u00f3n y la ley les imponen, as\u00ed como aquellos valores adicionales que por su importancia son intr\u00ednsecos a la funci\u00f3n p\u00fablica.<\/p>\r\n        <\/div>\r\n        \r\n        \r\n        <div id=\"respeto\" class=\"tab-content\">\r\n            <div class=\"principio-header\">\r\n                <div class=\"principio-icon\" style=\"background-color: #575656;\">\r\n                    <i class=\"fas fa-heart\"><\/i>\r\n                <\/div>\r\n                <h2 class=\"principio-title\"><strong>Respeto<\/strong><\/h2>\r\n            <\/div>\r\n            <p class=\"principio-text\">Las personas servidoras p\u00fablicas se conducir\u00e1n con austeridad y sin ostentaci\u00f3n y otorgar\u00e1n un trato digno y cordial a las personas en general y a sus compa\u00f1eros y compa\u00f1eras de trabajo, superiores y personal subordinado, considerando sus derechos, de tal manera que propician el di\u00e1logo cort\u00e9s y la aplicaci\u00f3n arm\u00f3nica de instrumentos que conduzcan al entendimiento, a trav\u00e9s de la eficacia y el inter\u00e9s p\u00fablico.<\/p>\r\n        <\/div>\r\n        \r\n        \r\n        <div id=\"derechos-humanos\" class=\"tab-content\">\r\n            <div class=\"principio-header\">\r\n                <div class=\"principio-icon\" style=\"background-color: #57427c;\">\r\n                    <i class=\"fas fa-globe-americas\"><\/i>\r\n                <\/div>\r\n                <h2 class=\"principio-title\"><strong>Respeto a los Derechos Humanos<\/strong><\/h2>\r\n            <\/div>\r\n            <p class=\"principio-text\">Las personas servidoras p\u00fablicas respetar\u00e1n los derechos humanos y en el \u00e1mbito de sus competencias y atribuciones, los promover\u00e1n y proteger\u00e1n de conformidad con los Principios de:<\/p>\r\n            <ul class=\"derechos-lista\">\r\n                <li><strong>Universalidad<\/strong> que establece que los derechos humanos corresponden a toda persona por el simple hecho de serlo;<\/li>\r\n                <li><strong>Interdependencia<\/strong> que implica que los derechos humanos se encuentran vinculados \u00edntimamente entre s\u00ed;<\/li>\r\n                <li><strong>Indivisibilidad<\/strong> que refiere que los derechos humanos conforman una totalidad de tal forma que son complementarios e inseparables;<\/li>\r\n                <li><strong>Progresividad<\/strong> que prev\u00e9 que los derechos humanos est\u00e1n en constante evoluci\u00f3n y bajo ninguna circunstancia se justifica un retroceso en su protecci\u00f3n.<\/li>\r\n            <\/ul>\r\n        <\/div>\r\n    <\/div>\r\n\r\n    <script>\r\n        function openTab(tabId) {\r\n            \/\/ Ocultar todos los contenidos de pesta\u00f1as\r\n            var tabContents = document.getElementsByClassName('tab-content');\r\n            for (var i = 0; i < tabContents.length; i++) {\r\n                tabContents[i].classList.remove('active');\r\n            }\r\n            \r\n            \/\/ Desactivar todos los botones de pesta\u00f1as\r\n            var tabButtons = document.getElementsByClassName('tab-button');\r\n            for (var i = 0; i < tabButtons.length; i++) {\r\n                tabButtons[i].classList.remove('active');\r\n            }\r\n            \r\n            \/\/ Activar la pesta\u00f1a seleccionada\r\n            document.getElementById(tabId).classList.add('active');\r\n            \r\n            \/\/ Encontrar y activar el bot\u00f3n correspondiente\r\n            var buttons = document.getElementsByClassName('tab-button');\r\n            for (var i = 0; i < buttons.length; i++) {\r\n                if (buttons[i].getAttribute('onclick').includes(tabId)) {\r\n                    buttons[i].classList.add('active');\r\n                    break;\r\n                }\r\n            }\r\n        }\r\n    <\/script>\r\n\r\n<\/body>\r\n<\/html>\t\t<\/div>\n\t\t\t\t<\/div>\n\t\t\t\t\t<\/div>\n\t\t<\/div>\n\t\t\t\t\t\t\t<\/div>\n\t\t<\/section>\n\t\t\t\t<section class=\"elementor-section elementor-top-section elementor-element elementor-element-3ed9558 elementor-section-boxed elementor-section-height-default elementor-section-height-default\" data-id=\"3ed9558\" data-element_type=\"section\">\n\t\t\t\t\t\t<div class=\"elementor-container elementor-column-gap-default\">\n\t\t\t\t\t<div class=\"elementor-column elementor-col-100 elementor-top-column elementor-element elementor-element-aee8bd4\" data-id=\"aee8bd4\" data-element_type=\"column\">\n\t\t\t<div class=\"elementor-widget-wrap elementor-element-populated\">\n\t\t\t\t\t\t\t\t<div class=\"elementor-element elementor-element-ca8b34d elementor-widget elementor-widget-text-editor\" data-id=\"ca8b34d\" data-element_type=\"widget\" data-widget_type=\"text-editor.default\">\n\t\t\t\t<div class=\"elementor-widget-container\">\n\t\t\t\t\t\t\t<p>&nbsp;<\/p>\n<h2>PRINCIPIOS RECTORES DEL <strong>SERVICIO P\u00daBLICO<\/strong><\/h2>\t\t\t\t\t\t<\/div>\n\t\t\t\t<\/div>\n\t\t\t\t\t<\/div>\n\t\t<\/div>\n\t\t\t\t\t\t\t<\/div>\n\t\t<\/section>\n\t\t\t\t<section class=\"elementor-section elementor-top-section elementor-element elementor-element-058b06b elementor-section-boxed elementor-section-height-default elementor-section-height-default\" data-id=\"058b06b\" data-element_type=\"section\">\n\t\t\t\t\t\t<div class=\"elementor-container elementor-column-gap-default\">\n\t\t\t\t\t<div class=\"elementor-column elementor-col-100 elementor-top-column elementor-element elementor-element-a66bf16\" data-id=\"a66bf16\" data-element_type=\"column\">\n\t\t\t<div class=\"elementor-widget-wrap elementor-element-populated\">\n\t\t\t\t\t\t\t\t<div class=\"elementor-element elementor-element-0524423 elementor-widget elementor-widget-html\" data-id=\"0524423\" data-element_type=\"widget\" data-widget_type=\"html.default\">\n\t\t\t\t<div class=\"elementor-widget-container\">\n\t\t\t<!DOCTYPE html>\r\n<html lang=\"es\">\r\n<head>\r\n    <meta charset=\"UTF-8\">\r\n    <meta name=\"viewport\" content=\"width=device-width, initial-scale=1.0\">\r\n    <title>Principios \u00c9ticos ASEY<\/title>\r\n    <style>\r\n        .three-columns {\r\n            display: grid;\r\n            grid-template-columns: repeat(3, 1fr);\r\n            gap: 5px;\r\n        }\r\n        .principle-item {\r\n            display: flex;\r\n            align-items: center;\r\n            margin-bottom: 5px;\r\n        }\r\n        .red-dot {\r\n            background-color: #d92B2A;\r\n            padding: 3px 3px;\r\n            border-radius: 50%;\r\n            margin-right: 6px;\r\n        }\r\n        .principle-text {\r\n            font-weight: 500;\r\n            margin: 0;\r\n        }\r\n        @media (max-width: 768px) {\r\n            .three-columns {\r\n                grid-template-columns: repeat(2, 1fr);\r\n            }\r\n        }\r\n        @media (max-width: 480px) {\r\n            .three-columns {\r\n                grid-template-columns: 1fr;\r\n            }\r\n        }\r\n    <\/style>\r\n<\/head>\r\n<body>\r\n    \r\n    <div class=\"info-section\" style=\"padding: 15px; margin-bottom: 30px;\">\r\n        <p style=\"text-align: justify; text-justify: inter-word; line-height: 1.6; margin-bottom: 20px;\">El personal que labora en la ASEY rige su actuaci\u00f3n profesional basada en los principios \u00e9ticos que garantizan la <strong>calidad, imparcialidad y confiabilidad<\/strong> de su labor. Estos principios reflejan el compromiso de la ASEY con la fiscalizaci\u00f3n responsable y el fortalecimiento de la confianza ciudadana:<\/p>\r\n        <div class=\"three-columns\">\r\n            <div class=\"principle-item\"><span class=\"red-dot\"><\/span><p class=\"principle-text\">Competencia por m\u00e9rito<\/p><\/div>\r\n            <div class=\"principle-item\"><span class=\"red-dot\"><\/span><p class=\"principle-text\">Disciplina<\/p><\/div>\r\n            <div class=\"principle-item\"><span class=\"red-dot\"><\/span><p class=\"principle-text\">Econom\u00eda<\/p><\/div>\r\n            <div class=\"principle-item\"><span class=\"red-dot\"><\/span><p class=\"principle-text\">Eficacia<\/p><\/div>\r\n            <div class=\"principle-item\"><span class=\"red-dot\"><\/span><p class=\"principle-text\">Eficiencia<\/p><\/div>\r\n            <div class=\"principle-item\"><span class=\"red-dot\"><\/span><p class=\"principle-text\">Equidad<\/p><\/div>\r\n            <div class=\"principle-item\"><span class=\"red-dot\"><\/span><p class=\"principle-text\">Honradez<\/p><\/div>\r\n            <div class=\"principle-item\"><span class=\"red-dot\"><\/span><p class=\"principle-text\">Imparcialidad<\/p><\/div>\r\n            <div class=\"principle-item\"><span class=\"red-dot\"><\/span><p class=\"principle-text\">Integridad<\/p><\/div>\r\n            <div class=\"principle-item\"><span class=\"red-dot\"><\/span><p class=\"principle-text\">Lealtad<\/p><\/div>\r\n            <div class=\"principle-item\"><span class=\"red-dot\"><\/span><p class=\"principle-text\">Legalidad<\/p><\/div>\r\n            <div class=\"principle-item\"><span class=\"red-dot\"><\/span><p class=\"principle-text\">Objetividad<\/p><\/div>\r\n            <div class=\"principle-item\"><span class=\"red-dot\"><\/span><p class=\"principle-text\">Profesionalismo<\/p><\/div>\r\n            <div class=\"principle-item\"><span class=\"red-dot\"><\/span><p class=\"principle-text\">Rendici\u00f3n de cuentas<\/p><\/div>\r\n            <div class=\"principle-item\"><span class=\"red-dot\"><\/span><p class=\"principle-text\">Transparencia<\/p><\/div>\r\n        <\/div>\r\n    <\/div>\r\n<\/body>\r\n<\/html>\t\t<\/div>\n\t\t\t\t<\/div>\n\t\t\t\t\t<\/div>\n\t\t<\/div>\n\t\t\t\t\t\t\t<\/div>\n\t\t<\/section>\n\t\t\t\t<section class=\"elementor-section elementor-top-section elementor-element elementor-element-986dc00 elementor-section-boxed elementor-section-height-default elementor-section-height-default\" data-id=\"986dc00\" data-element_type=\"section\">\n\t\t\t\t\t\t<div class=\"elementor-container elementor-column-gap-default\">\n\t\t\t\t\t<div class=\"elementor-column elementor-col-100 elementor-top-column elementor-element elementor-element-8f24667\" data-id=\"8f24667\" data-element_type=\"column\">\n\t\t\t<div class=\"elementor-widget-wrap elementor-element-populated\">\n\t\t\t\t\t\t\t\t<div class=\"elementor-element elementor-element-4368eb7 elementor-widget elementor-widget-text-editor\" data-id=\"4368eb7\" data-element_type=\"widget\" data-widget_type=\"text-editor.default\">\n\t\t\t\t<div class=\"elementor-widget-container\">\n\t\t\t\t\t\t\t<p style=\"text-align: justify; text-justify: inter-word;\">Descubre nuestro <strong>C\u00f3digo de \u00c9tica y Reglas de Integridad,<\/strong> as\u00ed como nuestro <strong>C\u00f3digo de Conducta.<\/strong><\/p>\t\t\t\t\t\t<\/div>\n\t\t\t\t<\/div>\n\t\t\t\t\t<\/div>\n\t\t<\/div>\n\t\t\t\t\t\t\t<\/div>\n\t\t<\/section>\n\t\t\t\t<section class=\"elementor-section elementor-top-section elementor-element elementor-element-304b141 elementor-section-boxed elementor-section-height-default elementor-section-height-default\" data-id=\"304b141\" data-element_type=\"section\">\n\t\t\t\t\t\t<div class=\"elementor-container elementor-column-gap-default\">\n\t\t\t\t\t<div class=\"elementor-column elementor-col-100 elementor-top-column elementor-element elementor-element-64d1e28\" data-id=\"64d1e28\" data-element_type=\"column\">\n\t\t\t<div class=\"elementor-widget-wrap elementor-element-populated\">\n\t\t\t\t\t\t\t\t<div class=\"elementor-element elementor-element-203748f elementor-widget elementor-widget-html\" data-id=\"203748f\" data-element_type=\"widget\" data-widget_type=\"html.default\">\n\t\t\t\t<div class=\"elementor-widget-container\">\n\t\t\t\r\n<div style=\"text-align: center; margin: 1px 0;\"><a style=\"background-color: #00689d; color: white; padding: 15px 20px; border-radius: 12px; text-decoration: none; font-weight: bold; display: inline-block; transition: background-color 0.3s;\" href=\"https:\/\/www.asey.gob.mx\/Doctos\/NormatIntern\/Codigo_Etica2025.pdf\" target=\"_blank\" rel=\"noopener\"> C\u00f3digo de \u00c9tica y Reglas de Integridad <\/a><\/div>\r\n\r\n<div style=\"text-align: center; margin: 3px 0;\"><a style=\"background-color: #59823e; color: white; padding: 15px 75px; border-radius: 12px; text-decoration: none; font-weight: bold; display: inline-block; transition: background-color 0.3s;\" href=\"https:\/\/www.asey.gob.mx\/Doctos\/NormatIntern\/Codigo_Conducta2025.pdf\" target=\"_blank\" rel=\"noopener\"> C\u00f3digo de Conducta <\/a><\/div>\r\n&nbsp;\r\n&nbsp;\r\n&nbsp;\r\n\t\t<\/div>\n\t\t\t\t<\/div>\n\t\t\t\t\t<\/div>\n\t\t<\/div>\n\t\t\t\t\t\t\t<\/div>\n\t\t<\/section>\n\t\t\t\t\t\t\t<\/div>\n\t\t","protected":false},"excerpt":{"rendered":"<p>VALORES INSTITUCIONALES Principios de Servicio P\u00fablico Cooperaci\u00f3n Inter\u00e9s P\u00fablico Equidad de G\u00e9nero Igualdad Liderazgo Respeto Derechos Humanos Cooperaci\u00f3n Las personas servidoras p\u00fablicas colaborar\u00e1n entre s\u00ed y propiciar\u00e1n el trabajo en equipo para alcanzar los objetivos comunes previstos en los planes y programas gubernamentales, generando as\u00ed una plena vocaci\u00f3n de servicio p\u00fablico en beneficio de la [&hellip;]<\/p>\n","protected":false},"author":2,"featured_media":0,"parent":0,"menu_order":0,"comment_status":"closed","ping_status":"closed","template":"","meta":[],"_links":{"self":[{"href":"https:\/\/asey.gob.mx\/web\/wp-json\/wp\/v2\/pages\/1848"}],"collection":[{"href":"https:\/\/asey.gob.mx\/web\/wp-json\/wp\/v2\/pages"}],"about":[{"href":"https:\/\/asey.gob.mx\/web\/wp-json\/wp\/v2\/types\/page"}],"author":[{"embeddable":true,"href":"https:\/\/asey.gob.mx\/web\/wp-json\/wp\/v2\/users\/2"}],"replies":[{"embeddable":true,"href":"https:\/\/asey.gob.mx\/web\/wp-json\/wp\/v2\/comments?post=1848"}],"version-history":[{"count":124,"href":"https:\/\/asey.gob.mx\/web\/wp-json\/wp\/v2\/pages\/1848\/revisions"}],"predecessor-version":[{"id":7346,"href":"https:\/\/asey.gob.mx\/web\/wp-json\/wp\/v2\/pages\/1848\/revisions\/7346"}],"wp:attachment":[{"href":"https:\/\/asey.gob.mx\/web\/wp-json\/wp\/v2\/media?parent=1848"}],"curies":[{"name":"wp","href":"https:\/\/api.w.org\/{rel}","templated":true}]}}