{"id":1810,"date":"2021-02-19T11:02:09","date_gmt":"2021-02-19T17:02:09","guid":{"rendered":"https:\/\/asey.gob.mx\/web\/?page_id=1810"},"modified":"2025-08-21T14:49:23","modified_gmt":"2025-08-21T20:49:23","slug":"plan-estrategico","status":"publish","type":"page","link":"https:\/\/asey.gob.mx\/web\/plan-estrategico\/","title":{"rendered":"Plan Estrat\u00e9gico 2025 &#8211; 2031"},"content":{"rendered":"\t\t<div data-elementor-type=\"wp-page\" data-elementor-id=\"1810\" class=\"elementor elementor-1810\">\n\t\t\t\t\t\t\t\t\t<section class=\"elementor-section elementor-top-section elementor-element elementor-element-f518ba4 elementor-section-boxed elementor-section-height-default elementor-section-height-default\" data-id=\"f518ba4\" data-element_type=\"section\">\n\t\t\t\t\t\t<div class=\"elementor-container elementor-column-gap-default\">\n\t\t\t\t\t<div class=\"elementor-column elementor-col-100 elementor-top-column elementor-element elementor-element-df4c4da\" data-id=\"df4c4da\" data-element_type=\"column\">\n\t\t\t<div class=\"elementor-widget-wrap elementor-element-populated\">\n\t\t\t\t\t\t\t\t<div class=\"elementor-element elementor-element-314cf4e elementor-widget elementor-widget-text-editor\" data-id=\"314cf4e\" data-element_type=\"widget\" data-widget_type=\"text-editor.default\">\n\t\t\t\t<div class=\"elementor-widget-container\">\n\t\t\t\t\t\t\t\n<h2><strong>PLAN ESTRAT\u00c9GICO 2025-2031<\/strong><\/h2>\n\t\t\t\t\t\t<\/div>\n\t\t\t\t<\/div>\n\t\t\t\t\t<\/div>\n\t\t<\/div>\n\t\t\t\t\t\t\t<\/div>\n\t\t<\/section>\n\t\t\t\t<section class=\"elementor-section elementor-top-section elementor-element elementor-element-5998d87 elementor-section-boxed elementor-section-height-default elementor-section-height-default\" data-id=\"5998d87\" data-element_type=\"section\">\n\t\t\t\t\t\t<div class=\"elementor-container elementor-column-gap-default\">\n\t\t\t\t\t<div class=\"elementor-column elementor-col-100 elementor-top-column elementor-element elementor-element-08e81e8\" data-id=\"08e81e8\" data-element_type=\"column\">\n\t\t\t<div class=\"elementor-widget-wrap elementor-element-populated\">\n\t\t\t\t\t\t\t\t<div class=\"elementor-element elementor-element-3df8016 elementor-widget elementor-widget-text-editor\" data-id=\"3df8016\" data-element_type=\"widget\" data-widget_type=\"text-editor.default\">\n\t\t\t\t<div class=\"elementor-widget-container\">\n\t\t\t\t\t\t\t<hr class=\"wp-block-separator\" \/>\t\t\t\t\t\t<\/div>\n\t\t\t\t<\/div>\n\t\t\t\t\t<\/div>\n\t\t<\/div>\n\t\t\t\t\t\t\t<\/div>\n\t\t<\/section>\n\t\t\t\t<section class=\"elementor-section elementor-top-section elementor-element elementor-element-1f00ac3e elementor-section-boxed elementor-section-height-default elementor-section-height-default\" data-id=\"1f00ac3e\" data-element_type=\"section\">\n\t\t\t\t\t\t<div class=\"elementor-container elementor-column-gap-default\">\n\t\t\t\t\t<div class=\"elementor-column elementor-col-100 elementor-top-column elementor-element elementor-element-2ccd4144\" data-id=\"2ccd4144\" data-element_type=\"column\">\n\t\t\t<div class=\"elementor-widget-wrap elementor-element-populated\">\n\t\t\t\t\t\t\t\t<div class=\"elementor-element elementor-element-2347b6d0 elementor-widget elementor-widget-text-editor\" data-id=\"2347b6d0\" data-element_type=\"widget\" data-widget_type=\"text-editor.default\">\n\t\t\t\t<div class=\"elementor-widget-container\">\n\t\t\t\t\t\t\t\n<p style=\"text-align: justify; text-justify: inter-word;\">La fiscalizaci\u00f3n superior es el puente que conecta la gesti\u00f3n p\u00fablica con las expectativas de la ciudadan\u00eda. En la<strong><span style=\"color: #ff0000;\"> Auditor\u00eda Superior del Estado de Yucat\u00e1n (ASEY)<\/span>,<\/strong> asumimos el compromiso de garantizar que cada recurso p\u00fablico sea administrado con responsabilidad, eficiencia y transparencia, contribuyendo as\u00ed a la consolidaci\u00f3n de un Yucat\u00e1n m\u00e1s equitativo, inclusivo y \u00e9tico.<\/p>\n\n<p>\u00a0<\/p>\n\n<p style=\"text-align: justify; text-justify: inter-word;\">Nuestra labor no se limita a la supervisi\u00f3n, sino que tambi\u00e9n impulsa una fiscalizaci\u00f3n innovadora que fortalezca las instituciones, fomente la participaci\u00f3n ciudadana y garantice el acceso a la informaci\u00f3n p\u00fablica.<\/p>\n\n<p>\u00a0<\/p>\n\n<p style=\"text-align: justify; text-justify: inter-word;\">En este sentido, el <span style=\"color: #ff0000;\"><strong>Plan Estrat\u00e9gico 2025-2031<\/strong><\/span> es una hoja de ruta que orienta nuestras acciones hacia un modelo de auditor\u00eda m\u00e1s preventivo, t\u00e9cnicamente robusto y apoyado en tecnolog\u00edas emergentes para optimizar los procesos de fiscalizaci\u00f3n.<\/p>\n\n<div class=\"wp-block-spacer\" style=\"height: 40px;\" aria-hidden=\"true\">\u00a0<\/div>\n\n<p>\u00a0<\/p>\t\t\t\t\t\t<\/div>\n\t\t\t\t<\/div>\n\t\t\t\t\t<\/div>\n\t\t<\/div>\n\t\t\t\t\t\t\t<\/div>\n\t\t<\/section>\n\t\t\t\t<section class=\"elementor-section elementor-top-section elementor-element elementor-element-0335c25 elementor-section-boxed elementor-section-height-default elementor-section-height-default\" data-id=\"0335c25\" data-element_type=\"section\">\n\t\t\t\t\t\t<div class=\"elementor-container elementor-column-gap-default\">\n\t\t\t\t\t<div class=\"elementor-column elementor-col-100 elementor-top-column elementor-element elementor-element-62e55e1\" data-id=\"62e55e1\" data-element_type=\"column\">\n\t\t\t<div class=\"elementor-widget-wrap elementor-element-populated\">\n\t\t\t\t\t\t\t\t<div class=\"elementor-element elementor-element-bb7513b elementor-widget elementor-widget-text-editor\" data-id=\"bb7513b\" data-element_type=\"widget\" data-widget_type=\"text-editor.default\">\n\t\t\t\t<div class=\"elementor-widget-container\">\n\t\t\t\t\t\t\t<iframe loading=\"lazy\" class=\"wonderplugin-pdf-iframe\" src=\"https:\/\/asey.gob.mx\/web\/contenido\/plugins\/wonderplugin-pdf-embed\/pdfjslight\/web\/viewer.html?v=2&#038;disabledoc=1&#038;disablerightclick=1&#038;file=https:\/\/asey.gob.mx\/web\/Pdfs\/ASEY_Plan_Estrategico25_31.pdf\" width=\"100%\" height=\"500px\" style=\"border:0; height:500px;\"><\/iframe>\t\t\t\t\t\t<\/div>\n\t\t\t\t<\/div>\n\t\t\t\t\t<\/div>\n\t\t<\/div>\n\t\t\t\t\t\t\t<\/div>\n\t\t<\/section>\n\t\t\t\t\t\t\t<\/div>\n\t\t","protected":false},"excerpt":{"rendered":"<p>PLAN ESTRAT\u00c9GICO 2025-2031 La fiscalizaci\u00f3n superior es el puente que conecta la gesti\u00f3n p\u00fablica con las expectativas de la ciudadan\u00eda. En la Auditor\u00eda Superior del Estado de Yucat\u00e1n (ASEY), asumimos el compromiso de garantizar que cada recurso p\u00fablico sea administrado con responsabilidad, eficiencia y transparencia, contribuyendo as\u00ed a la consolidaci\u00f3n de un Yucat\u00e1n m\u00e1s equitativo, [&hellip;]<\/p>\n","protected":false},"author":2,"featured_media":0,"parent":0,"menu_order":0,"comment_status":"closed","ping_status":"closed","template":"","meta":[],"_links":{"self":[{"href":"https:\/\/asey.gob.mx\/web\/wp-json\/wp\/v2\/pages\/1810"}],"collection":[{"href":"https:\/\/asey.gob.mx\/web\/wp-json\/wp\/v2\/pages"}],"about":[{"href":"https:\/\/asey.gob.mx\/web\/wp-json\/wp\/v2\/types\/page"}],"author":[{"embeddable":true,"href":"https:\/\/asey.gob.mx\/web\/wp-json\/wp\/v2\/users\/2"}],"replies":[{"embeddable":true,"href":"https:\/\/asey.gob.mx\/web\/wp-json\/wp\/v2\/comments?post=1810"}],"version-history":[{"count":27,"href":"https:\/\/asey.gob.mx\/web\/wp-json\/wp\/v2\/pages\/1810\/revisions"}],"predecessor-version":[{"id":7232,"href":"https:\/\/asey.gob.mx\/web\/wp-json\/wp\/v2\/pages\/1810\/revisions\/7232"}],"wp:attachment":[{"href":"https:\/\/asey.gob.mx\/web\/wp-json\/wp\/v2\/media?parent=1810"}],"curies":[{"name":"wp","href":"https:\/\/api.w.org\/{rel}","templated":true}]}}