{"id":1413,"date":"2020-07-03T12:55:22","date_gmt":"2020-07-03T17:55:22","guid":{"rendered":"https:\/\/asey.gob.mx\/web\/?page_id=1413"},"modified":"2025-08-21T15:00:08","modified_gmt":"2025-08-21T21:00:08","slug":"requerimientos-multas","status":"publish","type":"page","link":"https:\/\/asey.gob.mx\/web\/requerimientos-multas\/","title":{"rendered":"Requerimientos Multas"},"content":{"rendered":"\t\t<div data-elementor-type=\"wp-page\" data-elementor-id=\"1413\" class=\"elementor elementor-1413\">\n\t\t\t\t\t\t\t\t\t<section class=\"elementor-section elementor-top-section elementor-element elementor-element-4dd9311 elementor-section-boxed elementor-section-height-default elementor-section-height-default\" data-id=\"4dd9311\" data-element_type=\"section\">\n\t\t\t\t\t\t<div class=\"elementor-container elementor-column-gap-default\">\n\t\t\t\t\t<div class=\"elementor-column elementor-col-100 elementor-top-column elementor-element elementor-element-9475934\" data-id=\"9475934\" data-element_type=\"column\">\n\t\t\t<div class=\"elementor-widget-wrap elementor-element-populated\">\n\t\t\t\t\t\t\t\t<div class=\"elementor-element elementor-element-003ceb5 elementor-widget elementor-widget-text-editor\" data-id=\"003ceb5\" data-element_type=\"widget\" data-widget_type=\"text-editor.default\">\n\t\t\t\t<div class=\"elementor-widget-container\">\n\t\t\t\t\t\t\t\n<h2><strong>REQUERIMIENTOS Y MULTAS<\/strong><\/h2>\n\n\t\t\t\t\t\t<\/div>\n\t\t\t\t<\/div>\n\t\t\t\t\t<\/div>\n\t\t<\/div>\n\t\t\t\t\t\t\t<\/div>\n\t\t<\/section>\n\t\t\t\t<section class=\"elementor-section elementor-top-section elementor-element elementor-element-7fd4a1c8 elementor-section-boxed elementor-section-height-default elementor-section-height-default\" data-id=\"7fd4a1c8\" data-element_type=\"section\">\n\t\t\t\t\t\t<div class=\"elementor-container elementor-column-gap-default\">\n\t\t\t\t\t<div class=\"elementor-column elementor-col-100 elementor-top-column elementor-element elementor-element-34b25e67\" data-id=\"34b25e67\" data-element_type=\"column\">\n\t\t\t<div class=\"elementor-widget-wrap elementor-element-populated\">\n\t\t\t\t\t\t\t\t<div class=\"elementor-element elementor-element-b37bcaf elementor-widget elementor-widget-text-editor\" data-id=\"b37bcaf\" data-element_type=\"widget\" data-widget_type=\"text-editor.default\">\n\t\t\t\t<div class=\"elementor-widget-container\">\n\t\t\t\t\t\t\t\n<p style=\"text-align: justify; text-justify: inter-word;\">La\u00a0<span style=\"color: #ff0000;\"><strong>Ley de<\/strong>\u00a0<\/span><strong><span style=\"color: #ff0000;\">Fiscalizaci\u00f3n de la Cuenta P\u00fablica del Estado de Yucat\u00e1n<\/span><\/strong>\u00a0faculta a la\u00a0<span style=\"color: #ff0000;\"><strong>Auditor\u00eda Superior del Estado de Yucat\u00e1n (ASEY)<\/strong><\/span>, para realizar requerimientos e imponer, como medida de apremio a los titulares o representantes legales de las entidades fiscalizadas, personas f\u00edsicas o jur\u00eddicas y auditores externos, multas, en caso de que no den contestaci\u00f3n o entreguen la documentaci\u00f3n e informaci\u00f3n que se les solicite en los plazos se\u00f1alados en la Ley.<\/p>\n\n<div class=\"wp-block-spacer\" style=\"height: 30px;\" aria-hidden=\"true\">\u00a0<\/div>\n\n<p>A continuaci\u00f3n se presentan los estatus de requerimientos y multas a los Municipios del Estado de Yucat\u00e1n conforme a la normatividad vigente de la Ley de Fiscalizaci\u00f3n de la Cuenta P\u00fablica del Estado de Yucat\u00e1n.<\/p>\n\n<p>\u00a0<\/p>\t\t\t\t\t\t<\/div>\n\t\t\t\t<\/div>\n\t\t\t\t\t<\/div>\n\t\t<\/div>\n\t\t\t\t\t\t\t<\/div>\n\t\t<\/section>\n\t\t\t\t<section class=\"elementor-section elementor-top-section elementor-element elementor-element-83484c2 elementor-section-boxed elementor-section-height-default elementor-section-height-default\" data-id=\"83484c2\" data-element_type=\"section\">\n\t\t\t\t\t\t<div class=\"elementor-container elementor-column-gap-default\">\n\t\t\t\t\t<div class=\"elementor-column elementor-col-100 elementor-top-column elementor-element elementor-element-56d0408\" data-id=\"56d0408\" data-element_type=\"column\">\n\t\t\t<div class=\"elementor-widget-wrap elementor-element-populated\">\n\t\t\t\t\t\t\t\t<div class=\"elementor-element elementor-element-61be23c elementor-widget elementor-widget-text-editor\" data-id=\"61be23c\" data-element_type=\"widget\" data-widget_type=\"text-editor.default\">\n\t\t\t\t<div class=\"elementor-widget-container\">\n\t\t\t\t\t\t\t<p><style type=\"text\/css\"> \n    #paneles_resultados .collapse.show {\n        padding: 0px;\n    }\n    .panel-group {                \n        border-radius: 3px;\n        box-shadow: 0 5px 30px 0 rgba(0, 0, 0, 0.04);\n        padding: 10px 0 0 10px;\n    }\n    #AC_N1_1 .panel {\n        border: medium none;\n        border-radius: 0;\n        box-shadow: none;\n        margin: 0 0 15px 10px;\n    }\n    #AC_N1_1 .panel-heading {\n        border-radius: 30px;\n        padding: 0;\n    }\n    #AC_N1_1 .panel-title a {\n        background: #242424 none repeat scroll 0 0;\n        border: 1px solid transparent;\n        border-radius: 5px;\n        color: #FFFF;\n        display: block;\n        font-size: 18px;\n        font-weight: 600;\n        padding: 12px 20px 12px 50px;\n        position: relative;\n        transition: all 0.3s ease 0s;\n        text-decoration: none;\n    }            \n    #AC_N1_1 .panel-title a.collapsed {\n        background: #242424 none repeat scroll 0 0;\n        border: 1px solid #ddd;\n        color: #FFFF;          \n    }\n            \n    \/* \u00c1rbol Rojo *\/\n    #AC_N2_1 .panel-title a,\n    #AC_N2_2 .panel-title a, \n    #AC_N2_3 .panel-title a {\n        background: #242424 none repeat scroll 0 0; \n        color: #FFFF;\n    }\n    #AC_N2_1 .panel-title a.collapsed, \n    #AC_N2_2 .panel-title a.collapsed, \n    #AC_N2_3 .panel-title a.collapsed {\n        background: #242424 none repeat scroll 0 0;                \n    }\n            \n    \/* \u00c1rbol Azul *\/\n    #AC_N3_1 .panel-title a,\n    #AC_N3_2 .panel-title a,\n    #AC_N3_3 .panel-title a,\n    #AC_N3_4 .panel-title a,\n    #AC_N3_5 .panel-title a,\n    #AC_N3_6 .panel-title a {\n        background: #242424 none repeat scroll 0 0; \n        color: #FFFF;\n    }\n    #AC_N3_1 .panel-title a.collapsed,\n    #AC_N3_2 .panel-title a.collapsed,\n    #AC_N3_3 .panel-title a.collapsed,\n    #AC_N3_4 .panel-title a.collapsed,\n    #AC_N3_5 .panel-title a.collapsed,\n    #AC_N3_6 .panel-title a.collapsed {\n        background: #242424 none repeat scroll 0 0;                \n    }\n            \n    #AC_N1_1 .panel-title a::after, #AC_N1_1 .panel-title a.collapsed::after {\n        background: #242424 none repeat scroll 0 0;\n        border: 1px solid transparent;\n        border-radius: 5px;\n        box-shadow: 0 3px 10px rgba(0, 0, 0, 0.58);\n        color: #FFFF;\n        content: \"\uf107\";\n        font-family: fontawesome;\n        font-size: 25px;\n        height: 55px;\n        left: -20px;\n        line-height: 55px;\n        position: absolute;\n        text-align: center;\n        top: -5px;\n        transition: all 0.3s ease 0s;\n        width: 55px;\n    }\n    #AC_N1_1 .panel-title a.collapsed::after {\n        background: #242424 none repeat scroll 0 0;\n        border: 1px solid #ddd;\n        box-shadow: none;\n        color: #FFFF;\n        content: \"\uf105\";\n    }\n            \n    \/* Boton Desplegable Rojo *\/\n    #AC_N2_1 .panel-title a::after,\n    #AC_N2_2 .panel-title a::after,\n    #AC_N2_3 .panel-title a::after {\n        background: #242424 none repeat scroll 0 0;               \n        color: #FFFF;               \n    }\n            \n    \/* Boton Desplegable Azul *\/\n    #AC_N3_1 .panel-title a::after, \n    #AC_N3_2 .panel-title a::after, \n    #AC_N3_3 .panel-title a::after, \n    #AC_N3_4 .panel-title a::after, \n    #AC_N3_5 .panel-title a::after, \n    #AC_N3_6 .panel-title a::after {\n        background: #242424 none repeat scroll 0 0;               \n        color: #FFFF;               \n    }            \n            \n    #AC_N1_1 .panel-body {\n        background: transparent none repeat scroll 0 0;\n        border-top: medium none;\n        padding-right: 25px;\n        position: relative;\n    }\n    #AC_N1_1 .panel-body p {\n        border-left: 1px dashed #8c8c8c;\n        padding-left: 25px;\n    }\n<\/style> <script type=\"text\/javascript\">\n    (function($) {\n        'use strict';\n\n        jQuery(document).on('ready', function(){\n\n            $('a.page-scroll').on('click', function(e){\n                var anchor = $(this);\n                $('html, body').stop().animate({\n                    scrollTop: $(anchor.attr('href')).offset().top - 50\n                }, 1500);\n                e.preventDefault();\n            });     \n\n        }); \n\n    })(jQuery);\n\n    $(document).ready(function() { \n        $('[name=\"BuscadorLista\"]').on('keyup', function(e){            \n            var code = e.keyCode || e.which;\n            if (code == '9') return;\n            if (code == '27') $(this).val(null);\n            var $rows = $(this).closest('.listado_entes').find('.list-group li');\n            var val = $.trim($(this).val()).replace(\/ +\/g, ' ').toLowerCase();\n            $rows.show().filter(function () {\n                var text = $(this).text().replace(\/\\s+\/g, ' ').toLowerCase();\n                return !~text.indexOf(val);\n            }).hide();\n        });\n    });\n\n<\/script><\/p>\n<div id=\"paneles_resultados\">\n<div id=\"AC_N1_1\" class=\"panel-group\" role=\"tablist\" aria-multiselectable=\"true\">\n<div class=\"panel panel-default\">\n<div id=\"HE_N1_1\" class=\"panel-heading\" role=\"tab\">\n<h4 class=\"panel-title\"><a class=\"collapsed\" role=\"button\" href=\"#CO_N1_1\" data-toggle=\"collapse\" data-parent=\"#AC_N1_1\" aria-expanded=\"false\" aria-controls=\"CO_N1_1\"> REPORTES <\/a><\/h4>\n<\/div>\n<div id=\"CO_N1_1\" class=\"panel-collapse collapse\" role=\"tabpanel\" aria-labelledby=\"HE_N1_1\">\n<div class=\"panel-body\">\n<div id=\"AC_N2_1\" class=\"panel-group\" role=\"tablist\" aria-multiselectable=\"true\">\n<div class=\"panel panel-default\">\n<div id=\"HE_N2_6\" class=\"panel-heading\" role=\"tab\">\n<h4 class=\"panel-title\"><a class=\"collapsed\" role=\"button\" href=\"#CO_N2_6\" data-toggle=\"collapse\" data-parent=\"#AC_N2_1\" aria-expanded=\"false\" aria-controls=\"CO_N2_6\"> MENSUALES <\/a><\/h4>\n<\/div>\n<div id=\"CO_N2_6\" class=\"panel-collapse collapse listado_entes\" role=\"tabpanel\" aria-labelledby=\"HE_N2_6\">\n<div class=\"panel-body\">\n<div class=\"row\" style=\"margin-top: 5px; margin-bottom: 10px;\">\n<div class=\"col-md-12\">\n<div class=\"input-group\"><input class=\"form-control\" name=\"BuscadorLista\" type=\"text\" placeholder=\"Buscar...\" \/><\/div>\n<\/div>\n<\/div>\n<ul class=\"list-group\">\n<li class=\"list-group-item\"><a href=\"https:\/\/www.asey.gob.mx\/RequerimientosyMultas\/Mensual%20Julio-Diciembre%202013.xls\" target=\"_blank\" rel=\"noopener noreferrer\">Julio &#8211; Diciembre 2013<\/a><\/li>\n<li class=\"list-group-item\"><a href=\"https:\/\/www.asey.gob.mx\/RequerimientosyMultas\/Mensual%20Julio-Diciembre%202012.xls\" target=\"_blank\" rel=\"noopener noreferrer\">Julio &#8211; Diciembre 2012<\/a><\/li>\n<li class=\"list-group-item\"><a href=\"https:\/\/www.asey.gob.mx\/RequerimientosyMultas\/Mensual%20Julio-Diciembre%202011.xls\" target=\"_blank\" rel=\"noopener noreferrer\">Julio &#8211; Diciembre 2011<\/a><\/li>\n<\/ul>\n<\/div>\n<\/div>\n<\/div>\n<div class=\"panel panel-default\">\n<div id=\"HE_N2_2\" class=\"panel-heading\" role=\"tab\">\n<h4 class=\"panel-title\"><a class=\"collapsed\" role=\"button\" href=\"#CO_N2_2\" data-toggle=\"collapse\" data-parent=\"#AC_N2_1\" aria-expanded=\"false\" aria-controls=\"CO_N2_2\"> TRIMESTRALES <\/a><\/h4>\n<\/div>\n<div id=\"CO_N2_2\" class=\"panel-collapse collapse listado_entes\" role=\"tabpanel\" aria-labelledby=\"HE_N2_2\">\n<div class=\"panel-body\">\n<div class=\"row\" style=\"margin-top: 5px; margin-bottom: 10px;\">\n<div class=\"col-md-12\">\n<div class=\"input-group\"><input class=\"form-control\" name=\"BuscadorLista\" type=\"text\" placeholder=\"Buscar...\" \/><\/div>\n<\/div>\n<\/div>\n<ul class=\"list-group\">\n<li class=\"list-group-item\"><a href=\"https:\/\/www.asey.gob.mx\/RequerimientosyMultas\/Trimestral%20Jul-Sept%202023.xls\" target=\"_blank\" rel=\"noopener noreferrer\">Julio &#8211; Septiembre 2023<\/a><\/li>\n<li class=\"list-group-item\"><a href=\"https:\/\/www.asey.gob.mx\/RequerimientosyMultas\/Trimestral%20Abr-Jun%202023.xlsx\" target=\"_blank\" rel=\"noopener noreferrer\">Abril &#8211; Junio 2023<\/a><\/li>\n<li class=\"list-group-item\"><a href=\"https:\/\/www.asey.gob.mx\/RequerimientosyMultas\/Trimestral%20Ene-Mar%202023.xls\" target=\"_blank\" rel=\"noopener noreferrer\">Enero &#8211; Marzo 2023<\/a><\/li>\n<li class=\"list-group-item\"><a href=\"https:\/\/www.asey.gob.mx\/RequerimientosyMultas\/Trimestral%20Oct-Dic%202022.xls\" target=\"_blank\" rel=\"noopener noreferrer\">Octubre &#8211; Diciembre 2022<\/a><\/li>\n<li class=\"list-group-item\"><a href=\"https:\/\/www.asey.gob.mx\/RequerimientosyMultas\/Trimestral%20Jul-Sept%202022.xls\" target=\"_blank\" rel=\"noopener noreferrer\">Julio &#8211; Septiembre 2022<\/a><\/li>\n<li class=\"list-group-item\"><a href=\"https:\/\/www.asey.gob.mx\/RequerimientosyMultas\/Trimestral%20Abr-Jun%202022.xlsx\" target=\"_blank\" rel=\"noopener noreferrer\">Abril &#8211; Junio 2022<\/a><\/li>\n<li class=\"list-group-item\"><a href=\"https:\/\/www.asey.gob.mx\/RequerimientosyMultas\/Trimestral%20Ene-Mar%202022.xls\" target=\"_blank\" rel=\"noopener noreferrer\">Enero &#8211; Marzo 2022<\/a><\/li>\n<li class=\"list-group-item\"><a href=\"https:\/\/www.asey.gob.mx\/RequerimientosyMultas\/Trimestral%20Oct-Dic%202021.xls\" target=\"_blank\" rel=\"noopener noreferrer\">Octubre &#8211; Diciembre 2021<\/a><\/li>\n<li class=\"list-group-item\"><a href=\"https:\/\/www.asey.gob.mx\/RequerimientosyMultas\/Trimestral%20Jul-Sep%202021.xls\" target=\"_blank\" rel=\"noopener noreferrer\">Julio &#8211; Septiembre 2021<\/a><\/li>\n<li class=\"list-group-item\"><a href=\"https:\/\/www.asey.gob.mx\/RequerimientosyMultas\/Trimestral%20Abr-Jun%202021.xlsx\" target=\"_blank\" rel=\"noopener noreferrer\">Abril &#8211; Junio 2021<\/a><\/li>\n<li class=\"list-group-item\"><a href=\"https:\/\/www.asey.gob.mx\/RequerimientosyMultas\/Trimestral%20Ene-Mar%202021.xls\" target=\"_blank\" rel=\"noopener noreferrer\">Enero &#8211; Marzo 2021<\/a><\/li>\n<li class=\"list-group-item\"><a href=\"https:\/\/www.asey.gob.mx\/RequerimientosyMultas\/Trimestral%20Oct-Dic%202020.xlsx\" target=\"_blank\" rel=\"noopener noreferrer\">Octubre &#8211; Diciembre 2020<\/a><\/li>\n<li class=\"list-group-item\"><a href=\"https:\/\/www.asey.gob.mx\/RequerimientosyMultas\/Trimestral%20Jul-Sep%202020.xlsx\" target=\"_blank\" rel=\"noopener noreferrer\">Julio &#8211; Septiembre 2020<\/a><\/li>\n<li class=\"list-group-item\"><a href=\"https:\/\/www.asey.gob.mx\/RequerimientosyMultas\/Trimestral%20Abr-Jun%202020.xlsx\" target=\"_blank\" rel=\"noopener noreferrer\">Abril &#8211; Junio 2020<\/a><\/li>\n<li class=\"list-group-item\"><a href=\"https:\/\/www.asey.gob.mx\/RequerimientosyMultas\/Trimestral%20Ene-Mar%202020.xls\" target=\"_blank\" rel=\"noopener noreferrer\">Enero &#8211; Marzo 2020<\/a><\/li>\n<li class=\"list-group-item\"><a href=\"https:\/\/www.asey.gob.mx\/RequerimientosyMultas\/Trimestrales%20Oct-Dic%202019.xlsx\" target=\"_blank\" rel=\"noopener noreferrer\">Octubre &#8211; Diciembre 2019<\/a><\/li>\n<li class=\"list-group-item\"><a href=\"https:\/\/www.asey.gob.mx\/RequerimientosyMultas\/Trimestrales%20Jul-Sep%202019.xlsx\" target=\"_blank\" rel=\"noopener noreferrer\">Julio &#8211; Septiembre 2019<\/a><\/li>\n<li class=\"list-group-item\"><a href=\"https:\/\/www.asey.gob.mx\/RequerimientosyMultas\/Trimestrales%20Abr-Jun%202019.xlsx\" target=\"_blank\" rel=\"noopener noreferrer\">Abril &#8211; Junio 2019<\/a><\/li>\n<li class=\"list-group-item\"><a href=\"https:\/\/www.asey.gob.mx\/RequerimientosyMultas\/Trimestrales%20Enero-Marzo%202019.xlsx\" target=\"_blank\" rel=\"noopener noreferrer\">Enero &#8211; Marzo 2019<\/a><\/li>\n<li class=\"list-group-item\"><a href=\"https:\/\/www.asey.gob.mx\/RequerimientosyMultas\/Trimestrales%20Oct-Dic%202018.xls\" target=\"_blank\" rel=\"noopener noreferrer\">Octubre &#8211; Diciembre 2018<\/a><\/li>\n<li class=\"list-group-item\"><a href=\"https:\/\/www.asey.gob.mx\/RequerimientosyMultas\/Trimestrales%20Jul-Sep%202018.xls\" target=\"_blank\" rel=\"noopener noreferrer\">Julio &#8211; Septiembre 2018<\/a><\/li>\n<li class=\"list-group-item\"><a href=\"https:\/\/www.asey.gob.mx\/RequerimientosyMultas\/Trimestrales%20Abr-Jun%202018.xls\" target=\"_blank\" rel=\"noopener noreferrer\">Abril &#8211; Junio 2018<\/a><\/li>\n<li class=\"list-group-item\"><a href=\"https:\/\/www.asey.gob.mx\/RequerimientosyMultas\/Trimestrales%20Enero-Marzo%202018.xls\" target=\"_blank\" rel=\"noopener noreferrer\">Enero &#8211; Marzo 2018<\/a><\/li>\n<li class=\"list-group-item\"><a href=\"https:\/\/www.asey.gob.mx\/RequerimientosyMultas\/Trimestrales%20Julio-Diciembre%202017.xls\" target=\"_blank\" rel=\"noopener noreferrer\"> Julio-Diciembre 2017<\/a><\/li>\n<li class=\"list-group-item\"><a href=\"https:\/\/www.asey.gob.mx\/RequerimientosyMultas\/Trimestrales%20Enero-Junio%202017.xls\" target=\"_blank\" rel=\"noopener noreferrer\">Enero-Junio 2017<\/a><\/li>\n<li class=\"list-group-item\"><a href=\"https:\/\/www.asey.gob.mx\/RequerimientosyMultas\/Trimestrales%20Julio-Diciembre%202016.xls\" target=\"_blank\" rel=\"noopener noreferrer\"> Julio-Diciembre 2016<\/a><\/li>\n<li class=\"list-group-item\"><a href=\"https:\/\/www.asey.gob.mx\/RequerimientosyMultas\/Trimestrales%20Enero-Junio%202016.xls\" target=\"_blank\" rel=\"noopener noreferrer\">Enero-Junio 2016<\/a><\/li>\n<li class=\"list-group-item\"><a href=\"https:\/\/www.asey.gob.mx\/RequerimientosyMultas\/Trimestrales%20Enero-Diciembre%202015.xls\" target=\"_blank\" rel=\"noopener noreferrer\"> Julio-Diciembre 2015<\/a><\/li>\n<li class=\"list-group-item\"><a href=\"https:\/\/www.asey.gob.mx\/RequerimientosyMultas\/Trimestrales%20Enero-Diciembre%202015.xls\" target=\"_blank\" rel=\"noopener noreferrer\"> Enero-Junio 2015<\/a><\/li>\n<li class=\"list-group-item\"><a href=\"https:\/\/www.asey.gob.mx\/RequerimientosyMultas\/Trimestrales%20Julio-Diciembre%202014.xls\" target=\"_blank\" rel=\"noopener noreferrer\"> Julio-Diciembre 2014<\/a><\/li>\n<li class=\"list-group-item\"><a href=\"https:\/\/www.asey.gob.mx\/RequerimientosyMultas\/Trimestrales%20Enero-Junio%202014.xls\" target=\"_blank\" rel=\"noopener noreferrer\"> Enero-Junio 2014<\/a><\/li>\n<li class=\"list-group-item\"><a href=\"https:\/\/www.asey.gob.mx\/RequerimientosyMultas\/Trimestrales%20Julio-Diciembre%202013.xls\" target=\"_blank\" rel=\"noopener noreferrer\"> Julio-Diciembre 2013<\/a><\/li>\n<li class=\"list-group-item\"><a href=\"https:\/\/www.asey.gob.mx\/RequerimientosyMultas\/Trimestrales%20Enero-Junio%202013.xls\" target=\"_blank\" rel=\"noopener noreferrer\"> Enero-Junio 2013<\/a><\/li>\n<li class=\"list-group-item\"><a href=\"https:\/\/www.asey.gob.mx\/RequerimientosyMultas\/Trimestrales%20Octubre-Diciembre%202012.xls\" target=\"_blank\" rel=\"noopener noreferrer\">Octubre-Diciembre 2012<\/a><\/li>\n<\/ul>\n<\/div>\n<\/div>\n<\/div>\n<div class=\"panel panel-default\">\n<div id=\"HE_N2_3\" class=\"panel-heading\" role=\"tab\">\n<h4 class=\"panel-title\"><a class=\"collapsed\" role=\"button\" href=\"#CO_N2_3\" data-toggle=\"collapse\" data-parent=\"#AC_N2_1\" aria-expanded=\"false\" aria-controls=\"CO_N2_3\"> CUENTA P\u00daBLICA <\/a><\/h4>\n<\/div>\n<div id=\"CO_N2_3\" class=\"panel-collapse collapse listado_entes\" role=\"tabpanel\" aria-labelledby=\"HE_N2_3\">\n<div class=\"panel-body\">\n<div class=\"row\" style=\"margin-top: 5px; margin-bottom: 10px;\">\n<div class=\"col-md-12\">\n<div class=\"input-group\"><input class=\"form-control\" name=\"BuscadorLista\" type=\"text\" placeholder=\"Buscar...\" \/><\/div>\n<\/div>\n<\/div>\n<ul class=\"list-group\">\n<li class=\"list-group-item\"><a href=\"https:\/\/www.asey.gob.mx\/RequerimientosyMultas\/Cuenta%20Publica%202022.xlsx\" target=\"_blank\" rel=\"noopener noreferrer\">Cuenta P\u00fablica 2022<\/a><\/li>\n<li class=\"list-group-item\"><a href=\"https:\/\/www.asey.gob.mx\/RequerimientosyMultas\/Cuenta%20Publica%202021.xlsx\" target=\"_blank\" rel=\"noopener noreferrer\">Cuenta P\u00fablica 2021<\/a><\/li>\n<li class=\"list-group-item\"><a href=\"https:\/\/www.asey.gob.mx\/RequerimientosyMultas\/Cuenta%20Publica%202020.xlsx\" target=\"_blank\" rel=\"noopener noreferrer\">Cuenta P\u00fablica 2020<\/a><\/li>\n<li class=\"list-group-item\"><a href=\"https:\/\/www.asey.gob.mx\/RequerimientosyMultas\/Cuenta%20Publica%202019.xlsx\" target=\"_blank\" rel=\"noopener noreferrer\">Cuenta P\u00fablica 2019<\/a><\/li>\n<li class=\"list-group-item\"><a href=\"https:\/\/www.asey.gob.mx\/RequerimientosyMultas\/Cuenta%20Publica%202018.xls\" target=\"_blank\" rel=\"noopener noreferrer\">Cuenta P\u00fablica 2018<\/a><\/li>\n<li class=\"list-group-item\"><a href=\"https:\/\/www.asey.gob.mx\/RequerimientosyMultas\/Cuenta%20Publica%202017.xls\" target=\"_blank\" rel=\"noopener noreferrer\">Cuenta P\u00fablica 2017<\/a><\/li>\n<li class=\"list-group-item\"><a href=\"https:\/\/www.asey.gob.mx\/RequerimientosyMultas\/Cuenta%20Publica%202016.xls\" target=\"_blank\" rel=\"noopener noreferrer\">Cuenta P\u00fablica 2016<\/a><\/li>\n<li class=\"list-group-item\"><a href=\"https:\/\/www.asey.gob.mx\/RequerimientosyMultas\/Cuenta%20Publica%202015.xls\" target=\"_blank\" rel=\"noopener noreferrer\">Cuenta P\u00fablica 2015<\/a><\/li>\n<li class=\"list-group-item\"><a href=\"https:\/\/www.asey.gob.mx\/RequerimientosyMultas\/Cuenta%20Publica%202014.xls\" target=\"_blank\" rel=\"noopener noreferrer\">Cuenta P\u00fablica 2014<\/a><\/li>\n<\/ul>\n<\/div>\n<\/div>\n<\/div>\n<\/div>\n<\/div>\n<\/div>\n<\/div>\n<\/div>\n<\/div>\n\n<p>&nbsp;<\/p>\t\t\t\t\t\t<\/div>\n\t\t\t\t<\/div>\n\t\t\t\t\t<\/div>\n\t\t<\/div>\n\t\t\t\t\t\t\t<\/div>\n\t\t<\/section>\n\t\t\t\t\t\t\t<\/div>\n\t\t","protected":false},"excerpt":{"rendered":"<p>REQUERIMIENTOS Y MULTAS La\u00a0Ley de\u00a0Fiscalizaci\u00f3n de la Cuenta P\u00fablica del Estado de Yucat\u00e1n\u00a0faculta a la\u00a0Auditor\u00eda Superior del Estado de Yucat\u00e1n (ASEY), para realizar requerimientos e imponer, como medida de apremio a los titulares o representantes legales de las entidades fiscalizadas, personas f\u00edsicas o jur\u00eddicas y auditores externos, multas, en caso de que no den contestaci\u00f3n [&hellip;]<\/p>\n","protected":false},"author":2,"featured_media":0,"parent":0,"menu_order":0,"comment_status":"closed","ping_status":"closed","template":"","meta":[],"_links":{"self":[{"href":"https:\/\/asey.gob.mx\/web\/wp-json\/wp\/v2\/pages\/1413"}],"collection":[{"href":"https:\/\/asey.gob.mx\/web\/wp-json\/wp\/v2\/pages"}],"about":[{"href":"https:\/\/asey.gob.mx\/web\/wp-json\/wp\/v2\/types\/page"}],"author":[{"embeddable":true,"href":"https:\/\/asey.gob.mx\/web\/wp-json\/wp\/v2\/users\/2"}],"replies":[{"embeddable":true,"href":"https:\/\/asey.gob.mx\/web\/wp-json\/wp\/v2\/comments?post=1413"}],"version-history":[{"count":38,"href":"https:\/\/asey.gob.mx\/web\/wp-json\/wp\/v2\/pages\/1413\/revisions"}],"predecessor-version":[{"id":7238,"href":"https:\/\/asey.gob.mx\/web\/wp-json\/wp\/v2\/pages\/1413\/revisions\/7238"}],"wp:attachment":[{"href":"https:\/\/asey.gob.mx\/web\/wp-json\/wp\/v2\/media?parent=1413"}],"curies":[{"name":"wp","href":"https:\/\/api.w.org\/{rel}","templated":true}]}}