{"id":109,"date":"2020-01-20T11:19:09","date_gmt":"2020-01-20T17:19:09","guid":{"rendered":"https:\/\/localhost\/asey\/?page_id=109"},"modified":"2025-07-15T10:20:55","modified_gmt":"2025-07-15T16:20:55","slug":"quienes-somos","status":"publish","type":"page","link":"https:\/\/asey.gob.mx\/web\/quienes-somos\/","title":{"rendered":"\u00bfQui\u00e9nes Somos?"},"content":{"rendered":"\t\t<div data-elementor-type=\"wp-page\" data-elementor-id=\"109\" class=\"elementor elementor-109\">\n\t\t\t\t\t\t\t\t\t<section class=\"elementor-section elementor-top-section elementor-element elementor-element-408c986 elementor-section-boxed elementor-section-height-default elementor-section-height-default\" data-id=\"408c986\" data-element_type=\"section\">\n\t\t\t\t\t\t<div class=\"elementor-container elementor-column-gap-default\">\n\t\t\t\t\t<div class=\"elementor-column elementor-col-100 elementor-top-column elementor-element elementor-element-40767ac\" data-id=\"40767ac\" data-element_type=\"column\">\n\t\t\t<div class=\"elementor-widget-wrap elementor-element-populated\">\n\t\t\t\t\t\t\t\t<div class=\"elementor-element elementor-element-a05394e elementor-widget elementor-widget-text-editor\" data-id=\"a05394e\" data-element_type=\"widget\" data-widget_type=\"text-editor.default\">\n\t\t\t\t<div class=\"elementor-widget-container\">\n\t\t\t\t\t\t\t\n<h2><strong>QUI\u00c9NES SOMOS<\/strong><\/h2>\n\n<p>&nbsp;<\/p>\t\t\t\t\t\t<\/div>\n\t\t\t\t<\/div>\n\t\t\t\t\t<\/div>\n\t\t<\/div>\n\t\t\t\t\t\t\t<\/div>\n\t\t<\/section>\n\t\t\t\t<section class=\"elementor-section elementor-top-section elementor-element elementor-element-b105f30 elementor-section-boxed elementor-section-height-default elementor-section-height-default\" data-id=\"b105f30\" data-element_type=\"section\">\n\t\t\t\t\t\t<div class=\"elementor-container elementor-column-gap-default\">\n\t\t\t\t\t<div class=\"elementor-column elementor-col-50 elementor-top-column elementor-element elementor-element-c1e9622\" data-id=\"c1e9622\" data-element_type=\"column\">\n\t\t\t<div class=\"elementor-widget-wrap elementor-element-populated\">\n\t\t\t\t\t\t\t\t<div class=\"elementor-element elementor-element-0e40dc8 elementor-widget elementor-widget-text-editor\" data-id=\"0e40dc8\" data-element_type=\"widget\" data-widget_type=\"text-editor.default\">\n\t\t\t\t<div class=\"elementor-widget-container\">\n\t\t\t\t\t\t\t\n<h3>FILOSOF\u00cdA<strong> INSTITUCIONAL<\/strong><\/h3>\n\n\n\n<p style=\"text-align: justify; text-justify: inter-word;\">La Auditoria Superior del Estado de Yucat\u00e1n es un \u00f3rgano con <em>autonom\u00eda t\u00e9cnica, presupuestal y de gesti\u00f3n<\/em> para el ejercicio de sus atribuciones y para decidir sobre su organizaci\u00f3n interna, estructura, funcionamiento y resoluciones, y tendr\u00e1 por objeto fiscalizar y revisar el presupuesto ejercido por las entidades fiscalizadas en los t\u00e9rminos de la Ley de Fiscalizaci\u00f3n de la Cuenta P\u00fablica del estado de Yucat\u00e1n.<\/p>\n\t\t\t\t\t\t<\/div>\n\t\t\t\t<\/div>\n\t\t\t\t\t<\/div>\n\t\t<\/div>\n\t\t\t\t<div class=\"elementor-column elementor-col-50 elementor-top-column elementor-element elementor-element-4933689\" data-id=\"4933689\" data-element_type=\"column\">\n\t\t\t<div class=\"elementor-widget-wrap elementor-element-populated\">\n\t\t\t\t\t\t\t\t<div class=\"elementor-element elementor-element-9600773 elementor-widget elementor-widget-image\" data-id=\"9600773\" data-element_type=\"widget\" data-widget_type=\"image.default\">\n\t\t\t\t<div class=\"elementor-widget-container\">\n\t\t\t\t\t\t\t\t\t\t\t\t\t\t\t<img decoding=\"async\" width=\"1024\" height=\"672\" src=\"https:\/\/asey.gob.mx\/web\/contenido\/uploads\/2025\/02\/Foto1-1024x672.jpeg\" class=\"attachment-large size-large wp-image-6413\" alt=\"\" loading=\"lazy\" srcset=\"https:\/\/asey.gob.mx\/web\/contenido\/uploads\/2025\/02\/Foto1-1024x672.jpeg 1024w, https:\/\/asey.gob.mx\/web\/contenido\/uploads\/2025\/02\/Foto1-300x197.jpeg 300w, https:\/\/asey.gob.mx\/web\/contenido\/uploads\/2025\/02\/Foto1-768x504.jpeg 768w, https:\/\/asey.gob.mx\/web\/contenido\/uploads\/2025\/02\/Foto1.jpeg 1223w\" sizes=\"(max-width: 1024px) 100vw, 1024px\" \/>\t\t\t\t\t\t\t\t\t\t\t\t\t\t\t<\/div>\n\t\t\t\t<\/div>\n\t\t\t\t\t<\/div>\n\t\t<\/div>\n\t\t\t\t\t\t\t<\/div>\n\t\t<\/section>\n\t\t\t\t<section class=\"elementor-section elementor-top-section elementor-element elementor-element-656725d elementor-section-boxed elementor-section-height-default elementor-section-height-default\" data-id=\"656725d\" data-element_type=\"section\">\n\t\t\t\t\t\t<div class=\"elementor-container elementor-column-gap-default\">\n\t\t\t\t\t<div class=\"elementor-column elementor-col-100 elementor-top-column elementor-element elementor-element-cf600d5\" data-id=\"cf600d5\" data-element_type=\"column\">\n\t\t\t<div class=\"elementor-widget-wrap elementor-element-populated\">\n\t\t\t\t\t\t\t\t<div class=\"elementor-element elementor-element-3869370 elementor-widget elementor-widget-text-editor\" data-id=\"3869370\" data-element_type=\"widget\" data-widget_type=\"text-editor.default\">\n\t\t\t\t<div class=\"elementor-widget-container\">\n\t\t\t\t\t\t\t<hr class=\"wp-block-separator\" \/>\t\t\t\t\t\t<\/div>\n\t\t\t\t<\/div>\n\t\t\t\t\t<\/div>\n\t\t<\/div>\n\t\t\t\t\t\t\t<\/div>\n\t\t<\/section>\n\t\t\t\t<section class=\"elementor-section elementor-top-section elementor-element elementor-element-23abcbb elementor-section-boxed elementor-section-height-default elementor-section-height-default\" data-id=\"23abcbb\" data-element_type=\"section\">\n\t\t\t\t\t\t<div class=\"elementor-container elementor-column-gap-default\">\n\t\t\t\t\t<div class=\"elementor-column elementor-col-50 elementor-top-column elementor-element elementor-element-341b87a\" data-id=\"341b87a\" data-element_type=\"column\">\n\t\t\t<div class=\"elementor-widget-wrap elementor-element-populated\">\n\t\t\t\t\t\t\t\t<div class=\"elementor-element elementor-element-a26f10d elementor-widget elementor-widget-text-editor\" data-id=\"a26f10d\" data-element_type=\"widget\" data-widget_type=\"text-editor.default\">\n\t\t\t\t<div class=\"elementor-widget-container\">\n\t\t\t\t\t\t\t\n<h3><strong>NUESTRA MISI\u00d3N<\/strong><\/h3>\n\n\n\n<p style=\"text-align: justify; text-justify: inter-word;\">Garantizar la <span style=\"color: #ff0000;\"><em>correcta administraci\u00f3n y uso de los recursos p\u00fablicos<\/em><\/span> mediante auditor\u00edas imparciales y t\u00e9cnicas que promuevan la transparencia, la rendici\u00f3n de cuentas y la participaci\u00f3n ciudadana. La Auditor\u00eda Superior del Estado de Yucat\u00e1n trabaja en colaboraci\u00f3n con instituciones, sociedad civil y organismos estrat\u00e9gicos para combatir la corrupci\u00f3n, fortalecer las capacidades de gesti\u00f3n p\u00fablica y contribuir a la construcci\u00f3n de un Yucat\u00e1n equitativo, inclusivo y \u00e9tico.<\/p>\n\t\t\t\t\t\t<\/div>\n\t\t\t\t<\/div>\n\t\t\t\t\t<\/div>\n\t\t<\/div>\n\t\t\t\t<div class=\"elementor-column elementor-col-50 elementor-top-column elementor-element elementor-element-4509a09\" data-id=\"4509a09\" data-element_type=\"column\">\n\t\t\t<div class=\"elementor-widget-wrap elementor-element-populated\">\n\t\t\t\t\t\t\t\t<div class=\"elementor-element elementor-element-05d54a5 elementor-widget__width-initial elementor-widget elementor-widget-image\" data-id=\"05d54a5\" data-element_type=\"widget\" data-widget_type=\"image.default\">\n\t\t\t\t<div class=\"elementor-widget-container\">\n\t\t\t\t\t\t\t\t\t\t\t\t\t\t\t<img decoding=\"async\" width=\"1024\" height=\"768\" src=\"https:\/\/asey.gob.mx\/web\/contenido\/uploads\/2025\/02\/Foto3-1024x768.jpeg\" class=\"attachment-large size-large wp-image-6415\" alt=\"\" loading=\"lazy\" srcset=\"https:\/\/asey.gob.mx\/web\/contenido\/uploads\/2025\/02\/Foto3-1024x768.jpeg 1024w, https:\/\/asey.gob.mx\/web\/contenido\/uploads\/2025\/02\/Foto3-300x225.jpeg 300w, https:\/\/asey.gob.mx\/web\/contenido\/uploads\/2025\/02\/Foto3-768x576.jpeg 768w, https:\/\/asey.gob.mx\/web\/contenido\/uploads\/2025\/02\/Foto3.jpeg 1280w\" sizes=\"(max-width: 1024px) 100vw, 1024px\" \/>\t\t\t\t\t\t\t\t\t\t\t\t\t\t\t<\/div>\n\t\t\t\t<\/div>\n\t\t\t\t\t<\/div>\n\t\t<\/div>\n\t\t\t\t\t\t\t<\/div>\n\t\t<\/section>\n\t\t\t\t<section class=\"elementor-section elementor-top-section elementor-element elementor-element-768f725 elementor-section-boxed elementor-section-height-default elementor-section-height-default\" data-id=\"768f725\" data-element_type=\"section\">\n\t\t\t\t\t\t<div class=\"elementor-container elementor-column-gap-default\">\n\t\t\t\t\t<div class=\"elementor-column elementor-col-100 elementor-top-column elementor-element elementor-element-ca04d4f\" data-id=\"ca04d4f\" data-element_type=\"column\">\n\t\t\t<div class=\"elementor-widget-wrap elementor-element-populated\">\n\t\t\t\t\t\t\t\t<div class=\"elementor-element elementor-element-efd7d26 elementor-widget elementor-widget-text-editor\" data-id=\"efd7d26\" data-element_type=\"widget\" data-widget_type=\"text-editor.default\">\n\t\t\t\t<div class=\"elementor-widget-container\">\n\t\t\t\t\t\t\t<hr class=\"wp-block-separator\" \/>\t\t\t\t\t\t<\/div>\n\t\t\t\t<\/div>\n\t\t\t\t\t<\/div>\n\t\t<\/div>\n\t\t\t\t\t\t\t<\/div>\n\t\t<\/section>\n\t\t\t\t<section class=\"elementor-section elementor-top-section elementor-element elementor-element-a87c23f elementor-section-boxed elementor-section-height-default elementor-section-height-default\" data-id=\"a87c23f\" data-element_type=\"section\">\n\t\t\t\t\t\t<div class=\"elementor-container elementor-column-gap-default\">\n\t\t\t\t\t<div class=\"elementor-column elementor-col-50 elementor-top-column elementor-element elementor-element-254b0a4\" data-id=\"254b0a4\" data-element_type=\"column\">\n\t\t\t<div class=\"elementor-widget-wrap elementor-element-populated\">\n\t\t\t\t\t\t\t\t<div class=\"elementor-element elementor-element-5f79172 elementor-widget elementor-widget-text-editor\" data-id=\"5f79172\" data-element_type=\"widget\" data-widget_type=\"text-editor.default\">\n\t\t\t\t<div class=\"elementor-widget-container\">\n\t\t\t\t\t\t\t\n<h3><strong>NUESTRA VISI\u00d3N<\/strong><\/h3>\n\n\n\n<p style=\"text-align: justify; text-justify: inter-word;\">Consolidarse como un <span style=\"color: #ff0000;\"><em>organismo l\u00edder en fiscalizaci\u00f3n innovadora y \u00e9tica<\/em><\/span>, promoviendo la confianza ciudadana a trav\u00e9s de una gesti\u00f3n p\u00fablica transparente y responsable. Aspiramos a construir instituciones s\u00f3lidas y colaborativas que garanticen el uso eficiente de los recursos p\u00fablicos, fomentando la participaci\u00f3n activa de la sociedad y el desarrollo de un Yucat\u00e1n equitativo e inclusivo, donde las decisiones gubernamentales respondan a las verdaderas necesidades de la poblaci\u00f3n.<\/p>\n\t\t\t\t\t\t<\/div>\n\t\t\t\t<\/div>\n\t\t\t\t\t<\/div>\n\t\t<\/div>\n\t\t\t\t<div class=\"elementor-column elementor-col-50 elementor-top-column elementor-element elementor-element-f37cf2a\" data-id=\"f37cf2a\" data-element_type=\"column\">\n\t\t\t<div class=\"elementor-widget-wrap elementor-element-populated\">\n\t\t\t\t\t\t\t\t<div class=\"elementor-element elementor-element-346690f elementor-widget__width-initial elementor-widget elementor-widget-image\" data-id=\"346690f\" data-element_type=\"widget\" data-widget_type=\"image.default\">\n\t\t\t\t<div class=\"elementor-widget-container\">\n\t\t\t\t\t\t\t\t\t\t\t\t\t\t\t<img decoding=\"async\" width=\"1024\" height=\"682\" src=\"https:\/\/asey.gob.mx\/web\/contenido\/uploads\/2025\/02\/Foto2-1024x682.jpeg\" class=\"attachment-large size-large wp-image-6414\" alt=\"\" loading=\"lazy\" srcset=\"https:\/\/asey.gob.mx\/web\/contenido\/uploads\/2025\/02\/Foto2-1024x682.jpeg 1024w, https:\/\/asey.gob.mx\/web\/contenido\/uploads\/2025\/02\/Foto2-300x200.jpeg 300w, https:\/\/asey.gob.mx\/web\/contenido\/uploads\/2025\/02\/Foto2-768x512.jpeg 768w, https:\/\/asey.gob.mx\/web\/contenido\/uploads\/2025\/02\/Foto2.jpeg 1280w\" sizes=\"(max-width: 1024px) 100vw, 1024px\" \/>\t\t\t\t\t\t\t\t\t\t\t\t\t\t\t<\/div>\n\t\t\t\t<\/div>\n\t\t\t\t\t<\/div>\n\t\t<\/div>\n\t\t\t\t\t\t\t<\/div>\n\t\t<\/section>\n\t\t\t\t<section class=\"elementor-section elementor-top-section elementor-element elementor-element-5c2de47 elementor-section-boxed elementor-section-height-default elementor-section-height-default\" data-id=\"5c2de47\" data-element_type=\"section\">\n\t\t\t\t\t\t<div class=\"elementor-container elementor-column-gap-default\">\n\t\t\t\t\t<div class=\"elementor-column elementor-col-100 elementor-top-column elementor-element elementor-element-28ac765\" data-id=\"28ac765\" data-element_type=\"column\">\n\t\t\t<div class=\"elementor-widget-wrap elementor-element-populated\">\n\t\t\t\t\t\t\t\t<div class=\"elementor-element elementor-element-7fb8dad elementor-widget elementor-widget-text-editor\" data-id=\"7fb8dad\" data-element_type=\"widget\" data-widget_type=\"text-editor.default\">\n\t\t\t\t<div class=\"elementor-widget-container\">\n\t\t\t\t\t\t\t<hr class=\"wp-block-separator\" \/>\t\t\t\t\t\t<\/div>\n\t\t\t\t<\/div>\n\t\t\t\t\t<\/div>\n\t\t<\/div>\n\t\t\t\t\t\t\t<\/div>\n\t\t<\/section>\n\t\t\t\t<section class=\"elementor-section elementor-top-section elementor-element elementor-element-56164f2 elementor-section-boxed elementor-section-height-default elementor-section-height-default\" data-id=\"56164f2\" data-element_type=\"section\">\n\t\t\t\t\t\t<div class=\"elementor-container elementor-column-gap-default\">\n\t\t\t\t\t<div class=\"elementor-column elementor-col-100 elementor-top-column elementor-element elementor-element-2ecb0d6\" data-id=\"2ecb0d6\" data-element_type=\"column\">\n\t\t\t<div class=\"elementor-widget-wrap elementor-element-populated\">\n\t\t\t\t\t\t\t\t<div class=\"elementor-element elementor-element-e433fcf elementor-widget elementor-widget-text-editor\" data-id=\"e433fcf\" data-element_type=\"widget\" data-widget_type=\"text-editor.default\">\n\t\t\t\t<div class=\"elementor-widget-container\">\n\t\t\t\t\t\t\t\n<h3><strong><strong>EJES ESTRAT\u00c9GICOS<\/strong><\/strong><\/h3>\n\t\t\t\t\t\t<\/div>\n\t\t\t\t<\/div>\n\t\t\t\t\t<\/div>\n\t\t<\/div>\n\t\t\t\t\t\t\t<\/div>\n\t\t<\/section>\n\t\t\t\t<section class=\"elementor-section elementor-top-section elementor-element elementor-element-1b4a88a elementor-section-boxed elementor-section-height-default elementor-section-height-default\" data-id=\"1b4a88a\" data-element_type=\"section\">\n\t\t\t\t\t\t<div class=\"elementor-container elementor-column-gap-default\">\n\t\t\t\t\t<div class=\"elementor-column elementor-col-100 elementor-top-column elementor-element elementor-element-25ed36b\" data-id=\"25ed36b\" data-element_type=\"column\">\n\t\t\t<div class=\"elementor-widget-wrap elementor-element-populated\">\n\t\t\t\t\t\t\t\t<div class=\"elementor-element elementor-element-734f0e3 elementor-widget elementor-widget-image\" data-id=\"734f0e3\" data-element_type=\"widget\" data-widget_type=\"image.default\">\n\t\t\t\t<div class=\"elementor-widget-container\">\n\t\t\t\t\t\t\t\t\t\t\t\t\t\t\t<img decoding=\"async\" width=\"768\" height=\"576\" src=\"https:\/\/asey.gob.mx\/web\/contenido\/uploads\/2025\/07\/EjesEst-768x576.png\" class=\"attachment-medium_large size-medium_large wp-image-7116\" alt=\"\" loading=\"lazy\" srcset=\"https:\/\/asey.gob.mx\/web\/contenido\/uploads\/2025\/07\/EjesEst-768x576.png 768w, https:\/\/asey.gob.mx\/web\/contenido\/uploads\/2025\/07\/EjesEst-300x225.png 300w, https:\/\/asey.gob.mx\/web\/contenido\/uploads\/2025\/07\/EjesEst.png 1024w\" sizes=\"(max-width: 768px) 100vw, 768px\" \/>\t\t\t\t\t\t\t\t\t\t\t\t\t\t\t<\/div>\n\t\t\t\t<\/div>\n\t\t\t\t\t<\/div>\n\t\t<\/div>\n\t\t\t\t\t\t\t<\/div>\n\t\t<\/section>\n\t\t\t\t\t\t\t<\/div>\n\t\t","protected":false},"excerpt":{"rendered":"<p>QUI\u00c9NES SOMOS &nbsp; FILOSOF\u00cdA INSTITUCIONAL La Auditoria Superior del Estado de Yucat\u00e1n es un \u00f3rgano con autonom\u00eda t\u00e9cnica, presupuestal y de gesti\u00f3n para el ejercicio de sus atribuciones y para decidir sobre su organizaci\u00f3n interna, estructura, funcionamiento y resoluciones, y tendr\u00e1 por objeto fiscalizar y revisar el presupuesto ejercido por las entidades fiscalizadas en los [&hellip;]<\/p>\n","protected":false},"author":1,"featured_media":0,"parent":0,"menu_order":0,"comment_status":"closed","ping_status":"closed","template":"","meta":[],"_links":{"self":[{"href":"https:\/\/asey.gob.mx\/web\/wp-json\/wp\/v2\/pages\/109"}],"collection":[{"href":"https:\/\/asey.gob.mx\/web\/wp-json\/wp\/v2\/pages"}],"about":[{"href":"https:\/\/asey.gob.mx\/web\/wp-json\/wp\/v2\/types\/page"}],"author":[{"embeddable":true,"href":"https:\/\/asey.gob.mx\/web\/wp-json\/wp\/v2\/users\/1"}],"replies":[{"embeddable":true,"href":"https:\/\/asey.gob.mx\/web\/wp-json\/wp\/v2\/comments?post=109"}],"version-history":[{"count":51,"href":"https:\/\/asey.gob.mx\/web\/wp-json\/wp\/v2\/pages\/109\/revisions"}],"predecessor-version":[{"id":7290,"href":"https:\/\/asey.gob.mx\/web\/wp-json\/wp\/v2\/pages\/109\/revisions\/7290"}],"wp:attachment":[{"href":"https:\/\/asey.gob.mx\/web\/wp-json\/wp\/v2\/media?parent=109"}],"curies":[{"name":"wp","href":"https:\/\/api.w.org\/{rel}","templated":true}]}}